{"id":1130,"date":"2023-10-06T14:13:27","date_gmt":"2023-10-06T12:13:27","guid":{"rendered":"https:\/\/mybelladeco.fr\/?page_id=1130"},"modified":"2023-10-06T14:15:05","modified_gmt":"2023-10-06T12:15:05","slug":"restaurant","status":"publish","type":"page","link":"https:\/\/mybelladeco.fr\/index.php\/restaurant\/","title":{"rendered":"Restaurant"},"content":{"rendered":"\t\t<div data-elementor-type=\"wp-page\" data-elementor-id=\"1130\" class=\"elementor elementor-1130\" data-elementor-post-type=\"page\">\n\t\t\t\t<div class=\"elementor-element elementor-element-fc50e58 e-con-full e-flex e-con e-parent\" data-id=\"fc50e58\" data-element_type=\"container\" data-settings=\"{&quot;shape_divider_top&quot;:&quot;waves&quot;}\">\n\t\t\t\t<div class=\"elementor-shape elementor-shape-top\" data-negative=\"false\">\n\t\t\t<svg xmlns=\"http:\/\/www.w3.org\/2000\/svg\" viewBox=\"0 0 1000 100\" preserveAspectRatio=\"none\">\n\t<path class=\"elementor-shape-fill\" d=\"M421.9,6.5c22.6-2.5,51.5,0.4,75.5,5.3c23.6,4.9,70.9,23.5,100.5,35.7c75.8,32.2,133.7,44.5,192.6,49.7\n\tc23.6,2.1,48.7,3.5,103.4-2.5c54.7-6,106.2-25.6,106.2-25.6V0H0v30.3c0,0,72,32.6,158.4,30.5c39.2-0.7,92.8-6.7,134-22.4\n\tc21.2-8.1,52.2-18.2,79.7-24.2C399.3,7.9,411.6,7.5,421.9,6.5z\"\/>\n<\/svg>\t\t<\/div>\n\t\t\t\t<div class=\"elementor-element elementor-element-fbb1dab elementor-widget__width-initial elementor-widget elementor-widget-image\" data-id=\"fbb1dab\" data-element_type=\"widget\" data-widget_type=\"image.default\">\n\t\t\t\t<div class=\"elementor-widget-container\">\n\t\t\t<style>\/*! elementor - v3.23.0 - 25-07-2024 *\/\n.elementor-widget-image{text-align:center}.elementor-widget-image a{display:inline-block}.elementor-widget-image a img[src$=\".svg\"]{width:48px}.elementor-widget-image img{vertical-align:middle;display:inline-block}<\/style>\t\t\t\t\t\t\t\t\t\t<img fetchpriority=\"high\" decoding=\"async\" width=\"1050\" height=\"591\" src=\"https:\/\/mybelladeco.fr\/wp-content\/uploads\/2023\/10\/RENDU-CAFE-ZEN-1.png\" class=\"attachment-full size-full wp-image-1111\" alt=\"\" srcset=\"https:\/\/mybelladeco.fr\/wp-content\/uploads\/2023\/10\/RENDU-CAFE-ZEN-1.png 1050w, https:\/\/mybelladeco.fr\/wp-content\/uploads\/2023\/10\/RENDU-CAFE-ZEN-1-600x338.png 600w, https:\/\/mybelladeco.fr\/wp-content\/uploads\/2023\/10\/RENDU-CAFE-ZEN-1-300x169.png 300w, https:\/\/mybelladeco.fr\/wp-content\/uploads\/2023\/10\/RENDU-CAFE-ZEN-1-1024x576.png 1024w, https:\/\/mybelladeco.fr\/wp-content\/uploads\/2023\/10\/RENDU-CAFE-ZEN-1-768x432.png 768w, https:\/\/mybelladeco.fr\/wp-content\/uploads\/2023\/10\/RENDU-CAFE-ZEN-1-850x478.png 850w\" sizes=\"(max-width: 1050px) 100vw, 1050px\" \/>\t\t\t\t\t\t\t\t\t\t\t\t\t<\/div>\n\t\t\t\t<\/div>\n\t\t<div class=\"elementor-element elementor-element-ad8ee3 e-con-full e-flex e-con e-child\" data-id=\"ad8ee3\" data-element_type=\"container\">\n\t\t\t\t<div class=\"elementor-element elementor-element-48746058 elementor-invisible elementor-widget elementor-widget-heading\" data-id=\"48746058\" data-element_type=\"widget\" data-settings=\"{&quot;_animation&quot;:&quot;fadeIn&quot;}\" data-widget_type=\"heading.default\">\n\t\t\t\t<div class=\"elementor-widget-container\">\n\t\t\t<style>\/*! elementor - v3.23.0 - 25-07-2024 *\/\n.elementor-heading-title{padding:0;margin:0;line-height:1}.elementor-widget-heading .elementor-heading-title[class*=elementor-size-]>a{color:inherit;font-size:inherit;line-height:inherit}.elementor-widget-heading .elementor-heading-title.elementor-size-small{font-size:15px}.elementor-widget-heading .elementor-heading-title.elementor-size-medium{font-size:19px}.elementor-widget-heading .elementor-heading-title.elementor-size-large{font-size:29px}.elementor-widget-heading .elementor-heading-title.elementor-size-xl{font-size:39px}.elementor-widget-heading .elementor-heading-title.elementor-size-xxl{font-size:59px}<\/style><h3 class=\"elementor-heading-title elementor-size-default\">Restaurant<\/h3>\t\t<\/div>\n\t\t\t\t<\/div>\n\t\t\t\t<div class=\"elementor-element elementor-element-328d5b81 elementor-widget-divider--view-line elementor-widget elementor-widget-divider\" data-id=\"328d5b81\" data-element_type=\"widget\" data-widget_type=\"divider.default\">\n\t\t\t\t<div class=\"elementor-widget-container\">\n\t\t\t<style>\/*! elementor - v3.23.0 - 25-07-2024 *\/\n.elementor-widget-divider{--divider-border-style:none;--divider-border-width:1px;--divider-color:#0c0d0e;--divider-icon-size:20px;--divider-element-spacing:10px;--divider-pattern-height:24px;--divider-pattern-size:20px;--divider-pattern-url:none;--divider-pattern-repeat:repeat-x}.elementor-widget-divider .elementor-divider{display:flex}.elementor-widget-divider .elementor-divider__text{font-size:15px;line-height:1;max-width:95%}.elementor-widget-divider .elementor-divider__element{margin:0 var(--divider-element-spacing);flex-shrink:0}.elementor-widget-divider .elementor-icon{font-size:var(--divider-icon-size)}.elementor-widget-divider .elementor-divider-separator{display:flex;margin:0;direction:ltr}.elementor-widget-divider--view-line_icon .elementor-divider-separator,.elementor-widget-divider--view-line_text .elementor-divider-separator{align-items:center}.elementor-widget-divider--view-line_icon .elementor-divider-separator:after,.elementor-widget-divider--view-line_icon .elementor-divider-separator:before,.elementor-widget-divider--view-line_text .elementor-divider-separator:after,.elementor-widget-divider--view-line_text .elementor-divider-separator:before{display:block;content:\"\";border-block-end:0;flex-grow:1;border-block-start:var(--divider-border-width) var(--divider-border-style) var(--divider-color)}.elementor-widget-divider--element-align-left .elementor-divider .elementor-divider-separator>.elementor-divider__svg:first-of-type{flex-grow:0;flex-shrink:100}.elementor-widget-divider--element-align-left .elementor-divider-separator:before{content:none}.elementor-widget-divider--element-align-left .elementor-divider__element{margin-left:0}.elementor-widget-divider--element-align-right .elementor-divider .elementor-divider-separator>.elementor-divider__svg:last-of-type{flex-grow:0;flex-shrink:100}.elementor-widget-divider--element-align-right .elementor-divider-separator:after{content:none}.elementor-widget-divider--element-align-right .elementor-divider__element{margin-right:0}.elementor-widget-divider--element-align-start .elementor-divider .elementor-divider-separator>.elementor-divider__svg:first-of-type{flex-grow:0;flex-shrink:100}.elementor-widget-divider--element-align-start .elementor-divider-separator:before{content:none}.elementor-widget-divider--element-align-start .elementor-divider__element{margin-inline-start:0}.elementor-widget-divider--element-align-end .elementor-divider .elementor-divider-separator>.elementor-divider__svg:last-of-type{flex-grow:0;flex-shrink:100}.elementor-widget-divider--element-align-end .elementor-divider-separator:after{content:none}.elementor-widget-divider--element-align-end .elementor-divider__element{margin-inline-end:0}.elementor-widget-divider:not(.elementor-widget-divider--view-line_text):not(.elementor-widget-divider--view-line_icon) .elementor-divider-separator{border-block-start:var(--divider-border-width) var(--divider-border-style) var(--divider-color)}.elementor-widget-divider--separator-type-pattern{--divider-border-style:none}.elementor-widget-divider--separator-type-pattern.elementor-widget-divider--view-line .elementor-divider-separator,.elementor-widget-divider--separator-type-pattern:not(.elementor-widget-divider--view-line) .elementor-divider-separator:after,.elementor-widget-divider--separator-type-pattern:not(.elementor-widget-divider--view-line) .elementor-divider-separator:before,.elementor-widget-divider--separator-type-pattern:not([class*=elementor-widget-divider--view]) .elementor-divider-separator{width:100%;min-height:var(--divider-pattern-height);-webkit-mask-size:var(--divider-pattern-size) 100%;mask-size:var(--divider-pattern-size) 100%;-webkit-mask-repeat:var(--divider-pattern-repeat);mask-repeat:var(--divider-pattern-repeat);background-color:var(--divider-color);-webkit-mask-image:var(--divider-pattern-url);mask-image:var(--divider-pattern-url)}.elementor-widget-divider--no-spacing{--divider-pattern-size:auto}.elementor-widget-divider--bg-round{--divider-pattern-repeat:round}.rtl .elementor-widget-divider .elementor-divider__text{direction:rtl}.e-con-inner>.elementor-widget-divider,.e-con>.elementor-widget-divider{width:var(--container-widget-width,100%);--flex-grow:var(--container-widget-flex-grow)}<\/style>\t\t<div class=\"elementor-divider\">\n\t\t\t<span class=\"elementor-divider-separator\">\n\t\t\t\t\t\t<\/span>\n\t\t<\/div>\n\t\t\t\t<\/div>\n\t\t\t\t<\/div>\n\t\t\t\t<div class=\"elementor-element elementor-element-45a9fe38 elementor-widget__width-initial elementor-widget elementor-widget-text-editor\" data-id=\"45a9fe38\" data-element_type=\"widget\" data-widget_type=\"text-editor.default\">\n\t\t\t\t<div class=\"elementor-widget-container\">\n\t\t\t<style>\/*! elementor - v3.23.0 - 25-07-2024 *\/\n.elementor-widget-text-editor.elementor-drop-cap-view-stacked .elementor-drop-cap{background-color:#69727d;color:#fff}.elementor-widget-text-editor.elementor-drop-cap-view-framed .elementor-drop-cap{color:#69727d;border:3px solid;background-color:transparent}.elementor-widget-text-editor:not(.elementor-drop-cap-view-default) .elementor-drop-cap{margin-top:8px}.elementor-widget-text-editor:not(.elementor-drop-cap-view-default) .elementor-drop-cap-letter{width:1em;height:1em}.elementor-widget-text-editor .elementor-drop-cap{float:left;text-align:center;line-height:1;font-size:50px}.elementor-widget-text-editor .elementor-drop-cap-letter{display:inline-block}<\/style>\t\t\t\t<p>D\u00e9coration int\u00e9rieure d\u2019un restaurant<\/p><p>Surface : 60 m<sup>2<\/sup><\/p><p>Mon client cherche une ambiance raffin\u00e9e, conviviale, inspirante et apaisante.<span class=\"Apple-converted-space\">\u00a0<\/span><\/p><p>L\u2019ambiance zen tr\u00e8s naturelle et tr\u00e8s \u00e9pur\u00e9 a \u00e9t\u00e9 le point d\u2019encrage de ce projet. Pour une exp\u00e9rience sensorielle, j\u2019ai plac\u00e9 au sol dessous les alc\u00f4ves des tatamis, les clients pourront d\u00e9poser leurs chaussures et les ranger dans un meuble pr\u00e9vu \u00e0 cette effet.<span class=\"Apple-converted-space\">\u00a0<\/span><\/p><p>En opposition \u00e0 l\u2019ambiance asiatique, j\u2019ai voulu marier cet univers \u00e0 l\u2019univers bouchon Lyonnais en cr\u00e9ant un beau mur rouge bordeaux.<\/p>\t\t\t\t\t\t<\/div>\n\t\t\t\t<\/div>\n\t\t\t\t<\/div>\n\t\t\t\t<\/div>\n\t\t<div class=\"elementor-element elementor-element-17ecd7e e-grid e-con-boxed e-con e-parent\" data-id=\"17ecd7e\" data-element_type=\"container\" data-settings=\"{&quot;background_background&quot;:&quot;classic&quot;}\">\n\t\t\t\t\t<div class=\"e-con-inner\">\n\t\t\t\t<div class=\"elementor-element elementor-element-4d039b3 elementor-widget elementor-widget-image\" data-id=\"4d039b3\" data-element_type=\"widget\" data-widget_type=\"image.default\">\n\t\t\t\t<div class=\"elementor-widget-container\">\n\t\t\t\t\t\t\t\t\t\t<figure class=\"wp-caption\">\n\t\t\t\t\t\t\t\t\t\t<img decoding=\"async\" width=\"2560\" height=\"1809\" src=\"https:\/\/mybelladeco.fr\/wp-content\/uploads\/2023\/10\/PLAN-CAFE-ZEN-scaled.jpg\" class=\"attachment-full size-full wp-image-1102\" alt=\"\" srcset=\"https:\/\/mybelladeco.fr\/wp-content\/uploads\/2023\/10\/PLAN-CAFE-ZEN-scaled.jpg 2560w, https:\/\/mybelladeco.fr\/wp-content\/uploads\/2023\/10\/PLAN-CAFE-ZEN-scaled-600x424.jpg 600w, https:\/\/mybelladeco.fr\/wp-content\/uploads\/2023\/10\/PLAN-CAFE-ZEN-300x212.jpg 300w, https:\/\/mybelladeco.fr\/wp-content\/uploads\/2023\/10\/PLAN-CAFE-ZEN-1024x724.jpg 1024w, https:\/\/mybelladeco.fr\/wp-content\/uploads\/2023\/10\/PLAN-CAFE-ZEN-768x543.jpg 768w, https:\/\/mybelladeco.fr\/wp-content\/uploads\/2023\/10\/PLAN-CAFE-ZEN-1536x1085.jpg 1536w, https:\/\/mybelladeco.fr\/wp-content\/uploads\/2023\/10\/PLAN-CAFE-ZEN-2048x1447.jpg 2048w, https:\/\/mybelladeco.fr\/wp-content\/uploads\/2023\/10\/PLAN-CAFE-ZEN-850x601.jpg 850w\" sizes=\"(max-width: 2560px) 100vw, 2560px\" \/>\t\t\t\t\t\t\t\t\t\t\t<figcaption class=\"widget-image-caption wp-caption-text\"><\/figcaption>\n\t\t\t\t\t\t\t\t\t\t<\/figure>\n\t\t\t\t\t\t\t<\/div>\n\t\t\t\t<\/div>\n\t\t\t\t<div class=\"elementor-element elementor-element-544637e elementor-widget elementor-widget-image\" data-id=\"544637e\" data-element_type=\"widget\" data-widget_type=\"image.default\">\n\t\t\t\t<div class=\"elementor-widget-container\">\n\t\t\t\t\t\t\t\t\t\t<figure class=\"wp-caption\">\n\t\t\t\t\t\t\t\t\t\t<img decoding=\"async\" width=\"2560\" height=\"1809\" src=\"https:\/\/mybelladeco.fr\/wp-content\/uploads\/2023\/10\/CAFE-ZEN-1-POINT-FUITE-scaled.jpg\" class=\"attachment-full size-full wp-image-1101\" alt=\"\" srcset=\"https:\/\/mybelladeco.fr\/wp-content\/uploads\/2023\/10\/CAFE-ZEN-1-POINT-FUITE-scaled.jpg 2560w, https:\/\/mybelladeco.fr\/wp-content\/uploads\/2023\/10\/CAFE-ZEN-1-POINT-FUITE-scaled-600x424.jpg 600w, https:\/\/mybelladeco.fr\/wp-content\/uploads\/2023\/10\/CAFE-ZEN-1-POINT-FUITE-300x212.jpg 300w, https:\/\/mybelladeco.fr\/wp-content\/uploads\/2023\/10\/CAFE-ZEN-1-POINT-FUITE-1024x724.jpg 1024w, https:\/\/mybelladeco.fr\/wp-content\/uploads\/2023\/10\/CAFE-ZEN-1-POINT-FUITE-768x543.jpg 768w, https:\/\/mybelladeco.fr\/wp-content\/uploads\/2023\/10\/CAFE-ZEN-1-POINT-FUITE-1536x1085.jpg 1536w, https:\/\/mybelladeco.fr\/wp-content\/uploads\/2023\/10\/CAFE-ZEN-1-POINT-FUITE-2048x1447.jpg 2048w, https:\/\/mybelladeco.fr\/wp-content\/uploads\/2023\/10\/CAFE-ZEN-1-POINT-FUITE-850x601.jpg 850w\" sizes=\"(max-width: 2560px) 100vw, 2560px\" \/>\t\t\t\t\t\t\t\t\t\t\t<figcaption class=\"widget-image-caption wp-caption-text\"><\/figcaption>\n\t\t\t\t\t\t\t\t\t\t<\/figure>\n\t\t\t\t\t\t\t<\/div>\n\t\t\t\t<\/div>\n\t\t\t\t<div class=\"elementor-element elementor-element-6c81673 elementor-widget elementor-widget-image\" data-id=\"6c81673\" data-element_type=\"widget\" data-widget_type=\"image.default\">\n\t\t\t\t<div class=\"elementor-widget-container\">\n\t\t\t\t\t\t\t\t\t\t<figure class=\"wp-caption\">\n\t\t\t\t\t\t\t\t\t\t<img loading=\"lazy\" decoding=\"async\" width=\"2560\" height=\"1809\" src=\"https:\/\/mybelladeco.fr\/wp-content\/uploads\/2023\/10\/PLANCHE-COULEUR-scaled.jpg\" class=\"attachment-full size-full wp-image-1103\" alt=\"\" srcset=\"https:\/\/mybelladeco.fr\/wp-content\/uploads\/2023\/10\/PLANCHE-COULEUR-scaled.jpg 2560w, https:\/\/mybelladeco.fr\/wp-content\/uploads\/2023\/10\/PLANCHE-COULEUR-scaled-600x424.jpg 600w, https:\/\/mybelladeco.fr\/wp-content\/uploads\/2023\/10\/PLANCHE-COULEUR-300x212.jpg 300w, https:\/\/mybelladeco.fr\/wp-content\/uploads\/2023\/10\/PLANCHE-COULEUR-1024x724.jpg 1024w, https:\/\/mybelladeco.fr\/wp-content\/uploads\/2023\/10\/PLANCHE-COULEUR-768x543.jpg 768w, https:\/\/mybelladeco.fr\/wp-content\/uploads\/2023\/10\/PLANCHE-COULEUR-1536x1085.jpg 1536w, https:\/\/mybelladeco.fr\/wp-content\/uploads\/2023\/10\/PLANCHE-COULEUR-2048x1447.jpg 2048w, https:\/\/mybelladeco.fr\/wp-content\/uploads\/2023\/10\/PLANCHE-COULEUR-850x601.jpg 850w\" sizes=\"(max-width: 2560px) 100vw, 2560px\" \/>\t\t\t\t\t\t\t\t\t\t\t<figcaption class=\"widget-image-caption wp-caption-text\"><\/figcaption>\n\t\t\t\t\t\t\t\t\t\t<\/figure>\n\t\t\t\t\t\t\t<\/div>\n\t\t\t\t<\/div>\n\t\t\t\t<div class=\"elementor-element elementor-element-771c938 elementor-widget elementor-widget-image\" data-id=\"771c938\" data-element_type=\"widget\" data-widget_type=\"image.default\">\n\t\t\t\t<div class=\"elementor-widget-container\">\n\t\t\t\t\t\t\t\t\t\t<figure class=\"wp-caption\">\n\t\t\t\t\t\t\t\t\t\t<img loading=\"lazy\" decoding=\"async\" width=\"2560\" height=\"1809\" src=\"https:\/\/mybelladeco.fr\/wp-content\/uploads\/2023\/10\/PLANCHE-MOBILIER-2-scaled.jpg\" class=\"attachment-full size-full wp-image-1104\" alt=\"\" srcset=\"https:\/\/mybelladeco.fr\/wp-content\/uploads\/2023\/10\/PLANCHE-MOBILIER-2-scaled.jpg 2560w, https:\/\/mybelladeco.fr\/wp-content\/uploads\/2023\/10\/PLANCHE-MOBILIER-2-scaled-600x424.jpg 600w, https:\/\/mybelladeco.fr\/wp-content\/uploads\/2023\/10\/PLANCHE-MOBILIER-2-300x212.jpg 300w, https:\/\/mybelladeco.fr\/wp-content\/uploads\/2023\/10\/PLANCHE-MOBILIER-2-1024x724.jpg 1024w, https:\/\/mybelladeco.fr\/wp-content\/uploads\/2023\/10\/PLANCHE-MOBILIER-2-768x543.jpg 768w, https:\/\/mybelladeco.fr\/wp-content\/uploads\/2023\/10\/PLANCHE-MOBILIER-2-1536x1085.jpg 1536w, https:\/\/mybelladeco.fr\/wp-content\/uploads\/2023\/10\/PLANCHE-MOBILIER-2-2048x1447.jpg 2048w, https:\/\/mybelladeco.fr\/wp-content\/uploads\/2023\/10\/PLANCHE-MOBILIER-2-850x601.jpg 850w\" sizes=\"(max-width: 2560px) 100vw, 2560px\" \/>\t\t\t\t\t\t\t\t\t\t\t<figcaption class=\"widget-image-caption wp-caption-text\"><\/figcaption>\n\t\t\t\t\t\t\t\t\t\t<\/figure>\n\t\t\t\t\t\t\t<\/div>\n\t\t\t\t<\/div>\n\t\t\t\t<div class=\"elementor-element elementor-element-1601416 elementor-widget elementor-widget-image\" data-id=\"1601416\" data-element_type=\"widget\" data-widget_type=\"image.default\">\n\t\t\t\t<div class=\"elementor-widget-container\">\n\t\t\t\t\t\t\t\t\t\t<figure class=\"wp-caption\">\n\t\t\t\t\t\t\t\t\t\t<img loading=\"lazy\" decoding=\"async\" width=\"2560\" height=\"1809\" src=\"https:\/\/mybelladeco.fr\/wp-content\/uploads\/2023\/10\/PLANCHE-VAISSELLE-scaled.jpg\" class=\"attachment-full size-full wp-image-1105\" alt=\"\" srcset=\"https:\/\/mybelladeco.fr\/wp-content\/uploads\/2023\/10\/PLANCHE-VAISSELLE-scaled.jpg 2560w, https:\/\/mybelladeco.fr\/wp-content\/uploads\/2023\/10\/PLANCHE-VAISSELLE-scaled-600x424.jpg 600w, https:\/\/mybelladeco.fr\/wp-content\/uploads\/2023\/10\/PLANCHE-VAISSELLE-300x212.jpg 300w, https:\/\/mybelladeco.fr\/wp-content\/uploads\/2023\/10\/PLANCHE-VAISSELLE-1024x724.jpg 1024w, https:\/\/mybelladeco.fr\/wp-content\/uploads\/2023\/10\/PLANCHE-VAISSELLE-768x543.jpg 768w, https:\/\/mybelladeco.fr\/wp-content\/uploads\/2023\/10\/PLANCHE-VAISSELLE-1536x1085.jpg 1536w, https:\/\/mybelladeco.fr\/wp-content\/uploads\/2023\/10\/PLANCHE-VAISSELLE-2048x1447.jpg 2048w, https:\/\/mybelladeco.fr\/wp-content\/uploads\/2023\/10\/PLANCHE-VAISSELLE-850x601.jpg 850w\" sizes=\"(max-width: 2560px) 100vw, 2560px\" \/>\t\t\t\t\t\t\t\t\t\t\t<figcaption class=\"widget-image-caption wp-caption-text\"><\/figcaption>\n\t\t\t\t\t\t\t\t\t\t<\/figure>\n\t\t\t\t\t\t\t<\/div>\n\t\t\t\t<\/div>\n\t\t\t\t<div class=\"elementor-element elementor-element-28a8588 elementor-widget elementor-widget-image\" data-id=\"28a8588\" data-element_type=\"widget\" data-widget_type=\"image.default\">\n\t\t\t\t<div class=\"elementor-widget-container\">\n\t\t\t\t\t\t\t\t\t\t\t\t\t<img loading=\"lazy\" decoding=\"async\" width=\"2560\" height=\"1809\" src=\"https:\/\/mybelladeco.fr\/wp-content\/uploads\/2023\/10\/RENDU-CAFE-ZEN-2-scaled.jpg\" class=\"attachment-full size-full wp-image-1107\" alt=\"\" srcset=\"https:\/\/mybelladeco.fr\/wp-content\/uploads\/2023\/10\/RENDU-CAFE-ZEN-2-scaled.jpg 2560w, https:\/\/mybelladeco.fr\/wp-content\/uploads\/2023\/10\/RENDU-CAFE-ZEN-2-scaled-600x424.jpg 600w, https:\/\/mybelladeco.fr\/wp-content\/uploads\/2023\/10\/RENDU-CAFE-ZEN-2-300x212.jpg 300w, https:\/\/mybelladeco.fr\/wp-content\/uploads\/2023\/10\/RENDU-CAFE-ZEN-2-1024x724.jpg 1024w, https:\/\/mybelladeco.fr\/wp-content\/uploads\/2023\/10\/RENDU-CAFE-ZEN-2-768x543.jpg 768w, https:\/\/mybelladeco.fr\/wp-content\/uploads\/2023\/10\/RENDU-CAFE-ZEN-2-1536x1085.jpg 1536w, https:\/\/mybelladeco.fr\/wp-content\/uploads\/2023\/10\/RENDU-CAFE-ZEN-2-2048x1447.jpg 2048w, https:\/\/mybelladeco.fr\/wp-content\/uploads\/2023\/10\/RENDU-CAFE-ZEN-2-850x601.jpg 850w\" sizes=\"(max-width: 2560px) 100vw, 2560px\" \/>\t\t\t\t\t\t\t\t\t\t\t\t\t<\/div>\n\t\t\t\t<\/div>\n\t\t\t\t<div class=\"elementor-element elementor-element-ef5970d elementor-widget elementor-widget-image\" data-id=\"ef5970d\" data-element_type=\"widget\" data-widget_type=\"image.default\">\n\t\t\t\t<div class=\"elementor-widget-container\">\n\t\t\t\t\t\t\t\t\t\t\t\t\t<img loading=\"lazy\" decoding=\"async\" width=\"2560\" height=\"1809\" src=\"https:\/\/mybelladeco.fr\/wp-content\/uploads\/2023\/10\/RENDU-CAFE-ZEN-scaled.jpg\" class=\"attachment-full size-full wp-image-1106\" alt=\"\" srcset=\"https:\/\/mybelladeco.fr\/wp-content\/uploads\/2023\/10\/RENDU-CAFE-ZEN-scaled.jpg 2560w, https:\/\/mybelladeco.fr\/wp-content\/uploads\/2023\/10\/RENDU-CAFE-ZEN-scaled-600x424.jpg 600w, https:\/\/mybelladeco.fr\/wp-content\/uploads\/2023\/10\/RENDU-CAFE-ZEN-300x212.jpg 300w, https:\/\/mybelladeco.fr\/wp-content\/uploads\/2023\/10\/RENDU-CAFE-ZEN-1024x724.jpg 1024w, https:\/\/mybelladeco.fr\/wp-content\/uploads\/2023\/10\/RENDU-CAFE-ZEN-768x543.jpg 768w, https:\/\/mybelladeco.fr\/wp-content\/uploads\/2023\/10\/RENDU-CAFE-ZEN-1536x1085.jpg 1536w, https:\/\/mybelladeco.fr\/wp-content\/uploads\/2023\/10\/RENDU-CAFE-ZEN-2048x1447.jpg 2048w, https:\/\/mybelladeco.fr\/wp-content\/uploads\/2023\/10\/RENDU-CAFE-ZEN-850x601.jpg 850w\" sizes=\"(max-width: 2560px) 100vw, 2560px\" \/>\t\t\t\t\t\t\t\t\t\t\t\t\t<\/div>\n\t\t\t\t<\/div>\n\t\t\t\t\t<\/div>\n\t\t\t\t<\/div>\n\t\t\t\t<\/div>\n\t\t","protected":false},"excerpt":{"rendered":"<p>Restaurant D\u00e9coration int\u00e9rieure d\u2019un restaurant Surface : 60 m2 Mon client cherche une ambiance raffin\u00e9e, conviviale, inspirante et apaisante.\u00a0 L\u2019ambiance zen tr\u00e8s naturelle et tr\u00e8s \u00e9pur\u00e9 a \u00e9t\u00e9 le point d\u2019encrage de ce projet. Pour une exp\u00e9rience sensorielle, j\u2019ai plac\u00e9 au sol dessous les alc\u00f4ves des tatamis, les clients pourront d\u00e9poser leurs chaussures et les [&hellip;]<\/p>\n","protected":false},"author":1,"featured_media":242,"parent":0,"menu_order":0,"comment_status":"closed","ping_status":"closed","template":"","meta":{"footnotes":""},"class_list":["post-1130","page","type-page","status-publish","has-post-thumbnail","hentry"],"jetpack_sharing_enabled":true,"_links":{"self":[{"href":"https:\/\/mybelladeco.fr\/index.php\/wp-json\/wp\/v2\/pages\/1130","targetHints":{"allow":["GET"]}}],"collection":[{"href":"https:\/\/mybelladeco.fr\/index.php\/wp-json\/wp\/v2\/pages"}],"about":[{"href":"https:\/\/mybelladeco.fr\/index.php\/wp-json\/wp\/v2\/types\/page"}],"author":[{"embeddable":true,"href":"https:\/\/mybelladeco.fr\/index.php\/wp-json\/wp\/v2\/users\/1"}],"replies":[{"embeddable":true,"href":"https:\/\/mybelladeco.fr\/index.php\/wp-json\/wp\/v2\/comments?post=1130"}],"version-history":[{"count":4,"href":"https:\/\/mybelladeco.fr\/index.php\/wp-json\/wp\/v2\/pages\/1130\/revisions"}],"predecessor-version":[{"id":1134,"href":"https:\/\/mybelladeco.fr\/index.php\/wp-json\/wp\/v2\/pages\/1130\/revisions\/1134"}],"wp:featuredmedia":[{"embeddable":true,"href":"https:\/\/mybelladeco.fr\/index.php\/wp-json\/wp\/v2\/media\/242"}],"wp:attachment":[{"href":"https:\/\/mybelladeco.fr\/index.php\/wp-json\/wp\/v2\/media?parent=1130"}],"curies":[{"name":"wp","href":"https:\/\/api.w.org\/{rel}","templated":true}]}}