{"id":147,"date":"2023-09-26T11:13:25","date_gmt":"2023-09-26T09:13:25","guid":{"rendered":"https:\/\/mybelladeco.fr\/index.php\/about\/"},"modified":"2024-07-19T13:45:25","modified_gmt":"2024-07-19T11:45:25","slug":"about","status":"publish","type":"page","link":"https:\/\/mybelladeco.fr\/index.php\/about\/","title":{"rendered":"Pr\u00e9sentation"},"content":{"rendered":"\t\t<div data-elementor-type=\"wp-page\" data-elementor-id=\"147\" class=\"elementor elementor-147\" data-elementor-post-type=\"page\">\n\t\t\t\t<div class=\"elementor-element elementor-element-44850b4f e-con-full e-flex e-con e-parent\" data-id=\"44850b4f\" data-element_type=\"container\" data-settings=\"{&quot;background_background&quot;:&quot;classic&quot;}\">\n\t\t<div class=\"elementor-element elementor-element-537c6905 e-con-full e-flex e-con e-child\" data-id=\"537c6905\" data-element_type=\"container\" data-settings=\"{&quot;background_background&quot;:&quot;classic&quot;}\">\n\t\t\t\t<div class=\"elementor-element elementor-element-53e2d567 elementor-invisible elementor-widget elementor-widget-image\" data-id=\"53e2d567\" data-element_type=\"widget\" data-settings=\"{&quot;_animation&quot;:&quot;fadeIn&quot;}\" data-widget_type=\"image.default\">\n\t\t\t\t<div class=\"elementor-widget-container\">\n\t\t\t<style>\/*! elementor - v3.23.0 - 25-07-2024 *\/\n.elementor-widget-image{text-align:center}.elementor-widget-image a{display:inline-block}.elementor-widget-image a img[src$=\".svg\"]{width:48px}.elementor-widget-image img{vertical-align:middle;display:inline-block}<\/style>\t\t\t\t\t\t\t\t\t\t<img fetchpriority=\"high\" decoding=\"async\" width=\"2314\" height=\"2408\" src=\"https:\/\/mybelladeco.fr\/wp-content\/uploads\/2023\/09\/IMG_6277.png\" class=\"attachment-full size-full wp-image-346\" alt=\"\" srcset=\"https:\/\/mybelladeco.fr\/wp-content\/uploads\/2023\/09\/IMG_6277.png 2314w, https:\/\/mybelladeco.fr\/wp-content\/uploads\/2023\/09\/IMG_6277-288x300.png 288w, https:\/\/mybelladeco.fr\/wp-content\/uploads\/2023\/09\/IMG_6277-984x1024.png 984w, https:\/\/mybelladeco.fr\/wp-content\/uploads\/2023\/09\/IMG_6277-768x799.png 768w, https:\/\/mybelladeco.fr\/wp-content\/uploads\/2023\/09\/IMG_6277-1476x1536.png 1476w, https:\/\/mybelladeco.fr\/wp-content\/uploads\/2023\/09\/IMG_6277-1968x2048.png 1968w, https:\/\/mybelladeco.fr\/wp-content\/uploads\/2023\/09\/IMG_6277-300x312.png 300w, https:\/\/mybelladeco.fr\/wp-content\/uploads\/2023\/09\/IMG_6277-850x885.png 850w\" sizes=\"(max-width: 2314px) 100vw, 2314px\" \/>\t\t\t\t\t\t\t\t\t\t\t\t\t<\/div>\n\t\t\t\t<\/div>\n\t\t\t\t<\/div>\n\t\t<div class=\"elementor-element elementor-element-2513b2f e-con-full e-flex e-con e-child\" data-id=\"2513b2f\" data-element_type=\"container\" data-settings=\"{&quot;background_background&quot;:&quot;classic&quot;}\">\n\t\t\t\t<div class=\"elementor-element elementor-element-4daf6c43 elementor-invisible elementor-widget elementor-widget-heading\" data-id=\"4daf6c43\" data-element_type=\"widget\" data-settings=\"{&quot;_animation&quot;:&quot;fadeIn&quot;}\" data-widget_type=\"heading.default\">\n\t\t\t\t<div class=\"elementor-widget-container\">\n\t\t\t<style>\/*! elementor - v3.23.0 - 25-07-2024 *\/\n.elementor-heading-title{padding:0;margin:0;line-height:1}.elementor-widget-heading .elementor-heading-title[class*=elementor-size-]>a{color:inherit;font-size:inherit;line-height:inherit}.elementor-widget-heading .elementor-heading-title.elementor-size-small{font-size:15px}.elementor-widget-heading .elementor-heading-title.elementor-size-medium{font-size:19px}.elementor-widget-heading .elementor-heading-title.elementor-size-large{font-size:29px}.elementor-widget-heading .elementor-heading-title.elementor-size-xl{font-size:39px}.elementor-widget-heading .elementor-heading-title.elementor-size-xxl{font-size:59px}<\/style><p class=\"elementor-heading-title elementor-size-default\">Pr\u00e9sentation<\/p>\t\t<\/div>\n\t\t\t\t<\/div>\n\t\t\t\t<div class=\"elementor-element elementor-element-2fc3393 elementor-widget__width-initial elementor-widget elementor-widget-text-editor\" data-id=\"2fc3393\" data-element_type=\"widget\" data-widget_type=\"text-editor.default\">\n\t\t\t\t<div class=\"elementor-widget-container\">\n\t\t\t<style>\/*! elementor - v3.23.0 - 25-07-2024 *\/\n.elementor-widget-text-editor.elementor-drop-cap-view-stacked .elementor-drop-cap{background-color:#69727d;color:#fff}.elementor-widget-text-editor.elementor-drop-cap-view-framed .elementor-drop-cap{color:#69727d;border:3px solid;background-color:transparent}.elementor-widget-text-editor:not(.elementor-drop-cap-view-default) .elementor-drop-cap{margin-top:8px}.elementor-widget-text-editor:not(.elementor-drop-cap-view-default) .elementor-drop-cap-letter{width:1em;height:1em}.elementor-widget-text-editor .elementor-drop-cap{float:left;text-align:center;line-height:1;font-size:50px}.elementor-widget-text-editor .elementor-drop-cap-letter{display:inline-block}<\/style>\t\t\t\t<p class=\"has-text-align-center\">Apr\u00e8s avoir travaill\u00e9 pendant quinze ans en tant qu\u2019assistante de gestion, j\u2019ai eu l\u2019impression d\u2019avoir fait le tour de ce que cet emploi pouvait m\u2019apporter et de ne plus m\u2019\u00e9panouir. De plus, maman d\u2019un gar\u00e7on devenu adolescent et qui a aujourd\u2019hui moins besoin de moi, j\u2019avais le temps de me consacrer \u00e0 un nouveau projet professionnel.<\/p><p class=\"has-text-align-center\">La d\u00e9coration d\u2019int\u00e9rieur est un domaine qui me passionne depuis longtemps. En plus de m\u2019int\u00e9resser aux nouvelles tendances et d\u2019observer les techniques des professionnels, la d\u00e9coration a toujours \u00e9t\u00e9 comme une extension de moi-m\u00eame. Si je vois un objet qui me pla\u00eet, je ne peux m\u2019emp\u00eacher d\u2019imaginer avec quoi l\u2019associer et cr\u00e9er mentalement un d\u00e9cor autour.<\/p><p class=\"has-text-align-center\">J\u2019aime me sentir bien chez moi mais aussi que les autres s\u2019y sentent \u00e0 l\u2019aise et faire de mon int\u00e9rieur un espace optimis\u00e9 et accueillant. J\u2019ai donc d\u00e9cid\u00e9 de franchir le pas et de suivre une formation aupr\u00e8s de l\u2019EDAA afin d\u2019acqu\u00e9rir les comp\u00e9tences artistiques et techniques requises pour me lancer \u00e0 mon compte. L\u2019EDAA offre une formation \u00e0 distance s\u00e9rieuse. Les professeurs sont des professionnels en activit\u00e9 et chaque \u00e9l\u00e8ve est suivi par un r\u00e9f\u00e9rent p\u00e9dagogique. J\u2019ai pu acqu\u00e9rir des connaissances concr\u00e8tes, construire un visuel 3D, des planches d\u2019ambiance, mais aussi d\u00e9velopper ma propre cr\u00e9ativit\u00e9. Les devoirs \u00e0 rendre sont des cas pratiques et donc de vrais projets professionnels. La formation offre la possibilit\u00e9 d\u2019approfondir son champ de comp\u00e9tences en explorant plusieurs styles. J\u2019ai pu, par exemple, imaginer une d\u00e9coration autour d\u2019un projet de caf\u00e9 zen, d\u2019une cuisine art-d\u00e9co mais aussi travailler sur un salon au style baroque ou au style \u00ab pop \u00bb. Je propose plusieurs types de prestations selon vos besoins.<\/p><p class=\"has-text-align-center\">Mon souhait en tant que d\u00e9coratrice d\u2019int\u00e9rieur est de comprendre et de retranscrire le plus fid\u00e8lement possible les envies de mes clients afin de r\u00e9pondre au mieux \u00e0 leurs probl\u00e9matiques, tout en proposant des solutions personnalis\u00e9es, adapt\u00e9es \u00e0 leur espace et \u00e0 leur budget.<\/p><p class=\"has-text-align-center\">Respectueuse de l\u2019environnement et ma\u00eetrisant le z\u00e9ro d\u00e9chet, je m\u2019efforce de travailler avec des mat\u00e9riaux sans solvant et non toxiques et des mati\u00e8res naturelles.<\/p><p class=\"has-text-align-center\">Je suis \u00e9galement form\u00e9e au Feng-Shui et je propose cette prestation en plus. Cette discipline permet d\u2019allier la d\u00e9coration de l\u2019espace int\u00e9rieur avec des techniques pr\u00e9cises visant \u00e0 faciliter la circulation de l\u2019\u00e9nergie dans l\u2019environnement. Harmonie des volumes, des couleurs, des mat\u00e9riaux et du mobilier, je ferai de chez vous un lieu o\u00f9 il fait bon vivre.<\/p>\t\t\t\t\t\t<\/div>\n\t\t\t\t<\/div>\n\t\t\t\t<\/div>\n\t\t\t\t<\/div>\n\t\t<div class=\"elementor-element elementor-element-7ca545d3 e-flex e-con-boxed e-con e-parent\" data-id=\"7ca545d3\" data-element_type=\"container\" data-settings=\"{&quot;background_background&quot;:&quot;classic&quot;}\">\n\t\t\t\t\t<div class=\"e-con-inner\">\n\t\t<div class=\"elementor-element elementor-element-34a0504 e-con-full e-flex e-con e-child\" data-id=\"34a0504\" data-element_type=\"container\" data-settings=\"{&quot;background_background&quot;:&quot;classic&quot;}\">\n\t\t\t\t<div class=\"elementor-element elementor-element-4ea556e6 elementor-view-default elementor-invisible elementor-widget elementor-widget-icon\" data-id=\"4ea556e6\" data-element_type=\"widget\" data-settings=\"{&quot;_animation&quot;:&quot;fadeIn&quot;}\" data-widget_type=\"icon.default\">\n\t\t\t\t<div class=\"elementor-widget-container\">\n\t\t\t\t\t<div class=\"elementor-icon-wrapper\">\n\t\t\t<div class=\"elementor-icon\">\n\t\t\t<svg xmlns=\"http:\/\/www.w3.org\/2000\/svg\" id=\"f512c916-4764-49f2-a8a1-f5489a2e0e46\" data-name=\"Layer 1\" width=\"42.4\" height=\"37.6\" viewBox=\"0 0 42.4 37.6\"><path d=\"M35.18,9.6Q37.38,7,42.58,7V.2q-18.2,0-18.2,20.4a85.7148,85.7148,0,0,0,1.8,17.2h16.2V22.4h-9.2V17.6Q33.18,12.2,35.18,9.6Z\" transform=\"translate(-0.1797 -0.2)\"><\/path><path d=\"M.18,20.6a87.4221,87.4221,0,0,0,2,17.2h16.2V22.4H8.98V17.6q0-5.4,2.2-8T18.58,7V.2Q.18.2.18,20.6Z\" transform=\"translate(-0.1797 -0.2)\"><\/path><\/svg>\t\t\t<\/div>\n\t\t<\/div>\n\t\t\t\t<\/div>\n\t\t\t\t<\/div>\n\t\t\t\t<div class=\"elementor-element elementor-element-5a9d9ae3 elementor-widget elementor-widget-testimonial\" data-id=\"5a9d9ae3\" data-element_type=\"widget\" data-widget_type=\"testimonial.default\">\n\t\t\t\t<div class=\"elementor-widget-container\">\n\t\t\t<style>\/*! elementor - v3.23.0 - 25-07-2024 *\/\n.elementor-testimonial-wrapper{overflow:hidden;text-align:center}.elementor-testimonial-wrapper .elementor-testimonial-content{font-size:1.3em;margin-bottom:20px}.elementor-testimonial-wrapper .elementor-testimonial-name{line-height:1.5;display:block}.elementor-testimonial-wrapper .elementor-testimonial-job{font-size:.85em;display:block}.elementor-testimonial-wrapper .elementor-testimonial-meta{width:100%;line-height:1}.elementor-testimonial-wrapper .elementor-testimonial-meta-inner{display:inline-block}.elementor-testimonial-wrapper .elementor-testimonial-meta .elementor-testimonial-details,.elementor-testimonial-wrapper .elementor-testimonial-meta .elementor-testimonial-image{display:table-cell;vertical-align:middle}.elementor-testimonial-wrapper .elementor-testimonial-meta .elementor-testimonial-image img{width:60px;height:60px;border-radius:50%;-o-object-fit:cover;object-fit:cover;max-width:none}.elementor-testimonial-wrapper .elementor-testimonial-meta.elementor-testimonial-image-position-aside .elementor-testimonial-image{padding-inline-end:15px}.elementor-testimonial-wrapper .elementor-testimonial-meta.elementor-testimonial-image-position-aside .elementor-testimonial-details{text-align:start}.elementor-testimonial-wrapper .elementor-testimonial-meta.elementor-testimonial-image-position-top .elementor-testimonial-details,.elementor-testimonial-wrapper .elementor-testimonial-meta.elementor-testimonial-image-position-top .elementor-testimonial-image{display:block}.elementor-testimonial-wrapper .elementor-testimonial-meta.elementor-testimonial-image-position-top .elementor-testimonial-image{margin-bottom:20px}<\/style>\t\t<div class=\"elementor-testimonial-wrapper\">\n\t\t\t\t\t\t\t<div class=\"elementor-testimonial-content\">On doit se sentir bien chez soi, et avoir un int\u00e9rieur \u00e0 notre image tout en \u00e9tant fonctionnel<\/div>\n\t\t\t\n\t\t\t\t\t\t<div class=\"elementor-testimonial-meta\">\n\t\t\t\t<div class=\"elementor-testimonial-meta-inner\">\n\t\t\t\t\t\n\t\t\t\t\t\t\t\t\t\t<div class=\"elementor-testimonial-details\">\n\t\t\t\t\t\t\t\t\t\t\t\t\t\t<div class=\"elementor-testimonial-name\">Anne-Sophie Bost<\/div>\n\t\t\t\t\t\t\t\t\t\t\t\t\t\t\t\t\t\t\t<\/div>\n\t\t\t\t\t\t\t\t\t<\/div>\n\t\t\t<\/div>\n\t\t\t\t\t<\/div>\n\t\t\t\t<\/div>\n\t\t\t\t<\/div>\n\t\t\t\t<\/div>\n\t\t\t\t<div class=\"elementor-element elementor-element-186541c7 elementor-widget__width-initial elementor-widget-tablet__width-initial elementor-absolute elementor-invisible elementor-widget elementor-widget-spacer\" data-id=\"186541c7\" data-element_type=\"widget\" data-settings=\"{&quot;_position&quot;:&quot;absolute&quot;,&quot;_animation&quot;:&quot;slideInUp&quot;,&quot;motion_fx_motion_fx_scrolling&quot;:&quot;yes&quot;,&quot;motion_fx_translateY_effect&quot;:&quot;yes&quot;,&quot;motion_fx_translateY_affectedRange&quot;:{&quot;unit&quot;:&quot;%&quot;,&quot;size&quot;:&quot;&quot;,&quot;sizes&quot;:{&quot;start&quot;:50,&quot;end&quot;:100}},&quot;motion_fx_scale_effect&quot;:&quot;yes&quot;,&quot;motion_fx_scale_range&quot;:{&quot;unit&quot;:&quot;%&quot;,&quot;size&quot;:&quot;&quot;,&quot;sizes&quot;:{&quot;start&quot;:50,&quot;end&quot;:100}},&quot;motion_fx_translateY_speed&quot;:{&quot;unit&quot;:&quot;px&quot;,&quot;size&quot;:4,&quot;sizes&quot;:[]},&quot;motion_fx_scale_direction&quot;:&quot;out-in&quot;,&quot;motion_fx_scale_speed&quot;:{&quot;unit&quot;:&quot;px&quot;,&quot;size&quot;:4,&quot;sizes&quot;:[]},&quot;motion_fx_devices&quot;:[&quot;desktop&quot;,&quot;tablet&quot;,&quot;mobile&quot;]}\" data-widget_type=\"spacer.default\">\n\t\t\t\t<div class=\"elementor-widget-container\">\n\t\t\t<style>\/*! elementor - v3.23.0 - 25-07-2024 *\/\n.elementor-column .elementor-spacer-inner{height:var(--spacer-size)}.e-con{--container-widget-width:100%}.e-con-inner>.elementor-widget-spacer,.e-con>.elementor-widget-spacer{width:var(--container-widget-width,var(--spacer-size));--align-self:var(--container-widget-align-self,initial);--flex-shrink:0}.e-con-inner>.elementor-widget-spacer>.elementor-widget-container,.e-con>.elementor-widget-spacer>.elementor-widget-container{height:100%;width:100%}.e-con-inner>.elementor-widget-spacer>.elementor-widget-container>.elementor-spacer,.e-con>.elementor-widget-spacer>.elementor-widget-container>.elementor-spacer{height:100%}.e-con-inner>.elementor-widget-spacer>.elementor-widget-container>.elementor-spacer>.elementor-spacer-inner,.e-con>.elementor-widget-spacer>.elementor-widget-container>.elementor-spacer>.elementor-spacer-inner{height:var(--container-widget-height,var(--spacer-size))}.e-con-inner>.elementor-widget-spacer.elementor-widget-empty,.e-con>.elementor-widget-spacer.elementor-widget-empty{position:relative;min-height:22px;min-width:22px}.e-con-inner>.elementor-widget-spacer.elementor-widget-empty .elementor-widget-empty-icon,.e-con>.elementor-widget-spacer.elementor-widget-empty .elementor-widget-empty-icon{position:absolute;top:0;bottom:0;left:0;right:0;margin:auto;padding:0;width:22px;height:22px}<\/style>\t\t<div class=\"elementor-spacer\">\n\t\t\t<div class=\"elementor-spacer-inner\"><\/div>\n\t\t<\/div>\n\t\t\t\t<\/div>\n\t\t\t\t<\/div>\n\t\t\t\t\t<\/div>\n\t\t\t\t<\/div>\n\t\t\t\t<\/div>\n\t\t","protected":false},"excerpt":{"rendered":"<p>Pr\u00e9sentation Apr\u00e8s avoir travaill\u00e9 pendant quinze ans en tant qu\u2019assistante de gestion, j\u2019ai eu l\u2019impression d\u2019avoir fait le tour de ce que cet emploi pouvait m\u2019apporter et de ne plus m\u2019\u00e9panouir. De plus, maman d\u2019un gar\u00e7on devenu adolescent et qui a aujourd\u2019hui moins besoin de moi, j\u2019avais le temps de me consacrer \u00e0 un nouveau [&hellip;]<\/p>\n","protected":false},"author":1,"featured_media":0,"parent":0,"menu_order":0,"comment_status":"closed","ping_status":"closed","template":"","meta":{"footnotes":""},"class_list":["post-147","page","type-page","status-publish","hentry"],"jetpack_sharing_enabled":true,"_links":{"self":[{"href":"https:\/\/mybelladeco.fr\/index.php\/wp-json\/wp\/v2\/pages\/147","targetHints":{"allow":["GET"]}}],"collection":[{"href":"https:\/\/mybelladeco.fr\/index.php\/wp-json\/wp\/v2\/pages"}],"about":[{"href":"https:\/\/mybelladeco.fr\/index.php\/wp-json\/wp\/v2\/types\/page"}],"author":[{"embeddable":true,"href":"https:\/\/mybelladeco.fr\/index.php\/wp-json\/wp\/v2\/users\/1"}],"replies":[{"embeddable":true,"href":"https:\/\/mybelladeco.fr\/index.php\/wp-json\/wp\/v2\/comments?post=147"}],"version-history":[{"count":38,"href":"https:\/\/mybelladeco.fr\/index.php\/wp-json\/wp\/v2\/pages\/147\/revisions"}],"predecessor-version":[{"id":2458,"href":"https:\/\/mybelladeco.fr\/index.php\/wp-json\/wp\/v2\/pages\/147\/revisions\/2458"}],"wp:attachment":[{"href":"https:\/\/mybelladeco.fr\/index.php\/wp-json\/wp\/v2\/media?parent=147"}],"curies":[{"name":"wp","href":"https:\/\/api.w.org\/{rel}","templated":true}]}}