{"id":1740,"date":"2023-10-20T15:54:06","date_gmt":"2023-10-20T13:54:06","guid":{"rendered":"https:\/\/mybelladeco.fr\/?page_id=1740"},"modified":"2023-11-02T16:17:28","modified_gmt":"2023-11-02T15:17:28","slug":"mentions-legales","status":"publish","type":"page","link":"https:\/\/mybelladeco.fr\/index.php\/mentions-legales\/","title":{"rendered":"Mentions L\u00e9gales"},"content":{"rendered":"\t\t<div data-elementor-type=\"wp-page\" data-elementor-id=\"1740\" class=\"elementor elementor-1740\" data-elementor-post-type=\"page\">\n\t\t\t\t<div class=\"elementor-element elementor-element-c9cfe01 e-flex e-con-boxed e-con e-parent\" data-id=\"c9cfe01\" data-element_type=\"container\">\n\t\t\t\t\t<div class=\"e-con-inner\">\n\t\t\t\t<div class=\"elementor-element elementor-element-33cb18d elementor-widget elementor-widget-heading\" data-id=\"33cb18d\" data-element_type=\"widget\" data-widget_type=\"heading.default\">\n\t\t\t\t<div class=\"elementor-widget-container\">\n\t\t\t<style>\/*! elementor - v3.23.0 - 25-07-2024 *\/\n.elementor-heading-title{padding:0;margin:0;line-height:1}.elementor-widget-heading .elementor-heading-title[class*=elementor-size-]>a{color:inherit;font-size:inherit;line-height:inherit}.elementor-widget-heading .elementor-heading-title.elementor-size-small{font-size:15px}.elementor-widget-heading .elementor-heading-title.elementor-size-medium{font-size:19px}.elementor-widget-heading .elementor-heading-title.elementor-size-large{font-size:29px}.elementor-widget-heading .elementor-heading-title.elementor-size-xl{font-size:39px}.elementor-widget-heading .elementor-heading-title.elementor-size-xxl{font-size:59px}<\/style><p class=\"elementor-heading-title elementor-size-default\">Mentions L\u00e9gales<\/p>\t\t<\/div>\n\t\t\t\t<\/div>\n\t\t\t\t\t<\/div>\n\t\t\t\t<\/div>\n\t\t<div class=\"elementor-element elementor-element-a0d96a8 e-flex e-con-boxed e-con e-parent\" data-id=\"a0d96a8\" data-element_type=\"container\">\n\t\t\t\t\t<div class=\"e-con-inner\">\n\t\t\t\t<div class=\"elementor-element elementor-element-beafe02 elementor-widget elementor-widget-text-editor\" data-id=\"beafe02\" data-element_type=\"widget\" data-widget_type=\"text-editor.default\">\n\t\t\t\t<div class=\"elementor-widget-container\">\n\t\t\t<style>\/*! elementor - v3.23.0 - 25-07-2024 *\/\n.elementor-widget-text-editor.elementor-drop-cap-view-stacked .elementor-drop-cap{background-color:#69727d;color:#fff}.elementor-widget-text-editor.elementor-drop-cap-view-framed .elementor-drop-cap{color:#69727d;border:3px solid;background-color:transparent}.elementor-widget-text-editor:not(.elementor-drop-cap-view-default) .elementor-drop-cap{margin-top:8px}.elementor-widget-text-editor:not(.elementor-drop-cap-view-default) .elementor-drop-cap-letter{width:1em;height:1em}.elementor-widget-text-editor .elementor-drop-cap{float:left;text-align:center;line-height:1;font-size:50px}.elementor-widget-text-editor .elementor-drop-cap-letter{display:inline-block}<\/style>\t\t\t\t<h4>Responsable de la publication\u00a0<\/h4><p>Anne-Sophie BOST<\/p><h4>H\u00e9bergeur<\/h4><p>OVH<br \/>SAS au capital de 10 069 020 \u20ac<br \/>RCS Roubaix \u2013 Tourcoing 424 761 419 00045<br \/>Code APE 2620Z<br \/>N\u00b0 TVA : FR 22 424 761 419<br \/>Sie\u0300ge social : 2 rue Kellermann \u2013 59100 Roubaix \u2013 France. Directeur de la publication : Octave KLABA<\/p><h4>Cr\u00e9dits photos<\/h4><p>Anne-Sophie BOST<\/p><h4>Propri\u00e9t\u00e9 intellectuelle<\/h4><p>Le contenu du site est prot\u00e9g\u00e9 par la l\u00e9gislation fran\u00e7aise et internationale en mati\u00e8re des droits d\u2019auteur, d\u2019images, de dessins et de la propri\u00e9t\u00e9 intellectuelle\u00a0<span class=\"s1\">(article L.122-4 du code de la propri\u00e9t\u00e9 intellectuelle)<\/span>. La soci\u00e9t\u00e9 My Bella D\u00e9co se r\u00e9serve tous droits de reproduction, repr\u00e9sentations d\u2019images et photographies. Aussi, sauf autorisation pr\u00e9alable du responsable de la publication, la reproduction de tout ou partie du site est formellement interdite.<\/p><h4>Confidentialit\u00e9<\/h4><p>Conform\u00e9ment \u00e0 la loi \u00ab informatique et libert\u00e9s \u00bb du 6 janvier 1978 modifi\u00e9e en 2004, vous b\u00e9n\u00e9ficiez d\u2019un droit d\u2019acc\u00e8s et de rectification aux informations qui vous concernent, que vous pouvez exercer en vous adressant \u00e0 la soci\u00e9t\u00e9\u00a0depuis la page contact ou par lettre postale. Vous pouvez \u00e9galement, pour des motifs l\u00e9gitimes, vous opposer au traitement des donn\u00e9es vous concernant.<\/p>\t\t\t\t\t\t<\/div>\n\t\t\t\t<\/div>\n\t\t\t\t\t<\/div>\n\t\t\t\t<\/div>\n\t\t\t\t<\/div>\n\t\t","protected":false},"excerpt":{"rendered":"<p>Mentions L\u00e9gales Responsable de la publication\u00a0 Anne-Sophie BOST H\u00e9bergeur OVHSAS au capital de 10 069 020 \u20acRCS Roubaix \u2013 Tourcoing 424 761 419 00045Code APE 2620ZN\u00b0 TVA : FR 22 424 761 419Sie\u0300ge social : 2 rue Kellermann \u2013 59100 Roubaix \u2013 France. Directeur de la publication : Octave KLABA Cr\u00e9dits photos Anne-Sophie BOST Propri\u00e9t\u00e9 [&hellip;]<\/p>\n","protected":false},"author":1,"featured_media":0,"parent":0,"menu_order":0,"comment_status":"closed","ping_status":"closed","template":"","meta":{"footnotes":""},"class_list":["post-1740","page","type-page","status-publish","hentry"],"jetpack_sharing_enabled":true,"_links":{"self":[{"href":"https:\/\/mybelladeco.fr\/index.php\/wp-json\/wp\/v2\/pages\/1740","targetHints":{"allow":["GET"]}}],"collection":[{"href":"https:\/\/mybelladeco.fr\/index.php\/wp-json\/wp\/v2\/pages"}],"about":[{"href":"https:\/\/mybelladeco.fr\/index.php\/wp-json\/wp\/v2\/types\/page"}],"author":[{"embeddable":true,"href":"https:\/\/mybelladeco.fr\/index.php\/wp-json\/wp\/v2\/users\/1"}],"replies":[{"embeddable":true,"href":"https:\/\/mybelladeco.fr\/index.php\/wp-json\/wp\/v2\/comments?post=1740"}],"version-history":[{"count":15,"href":"https:\/\/mybelladeco.fr\/index.php\/wp-json\/wp\/v2\/pages\/1740\/revisions"}],"predecessor-version":[{"id":1925,"href":"https:\/\/mybelladeco.fr\/index.php\/wp-json\/wp\/v2\/pages\/1740\/revisions\/1925"}],"wp:attachment":[{"href":"https:\/\/mybelladeco.fr\/index.php\/wp-json\/wp\/v2\/media?parent=1740"}],"curies":[{"name":"wp","href":"https:\/\/api.w.org\/{rel}","templated":true}]}}