{"id":227,"date":"2023-09-26T11:28:55","date_gmt":"2023-09-26T09:28:55","guid":{"rendered":"https:\/\/mybelladeco.fr\/index.php\/home-2\/"},"modified":"2025-02-05T17:42:12","modified_gmt":"2025-02-05T16:42:12","slug":"elementor-page-2254","status":"publish","type":"page","link":"https:\/\/mybelladeco.fr\/","title":{"rendered":"Accueil"},"content":{"rendered":"\t\t<div data-elementor-type=\"wp-page\" data-elementor-id=\"227\" class=\"elementor elementor-227\" data-elementor-post-type=\"page\">\n\t\t\t\t<div class=\"elementor-element elementor-element-0d284a0 e-con-full e-flex e-con e-parent\" data-id=\"0d284a0\" data-element_type=\"container\" data-settings=\"{&quot;background_background&quot;:&quot;classic&quot;}\">\n\t\t\t\t<div class=\"elementor-element elementor-element-fb212f0 elementor-widget elementor-widget-image\" data-id=\"fb212f0\" data-element_type=\"widget\" data-widget_type=\"image.default\">\n\t\t\t\t<div class=\"elementor-widget-container\">\n\t\t\t<style>\/*! elementor - v3.23.0 - 25-07-2024 *\/\n.elementor-widget-image{text-align:center}.elementor-widget-image a{display:inline-block}.elementor-widget-image a img[src$=\".svg\"]{width:48px}.elementor-widget-image img{vertical-align:middle;display:inline-block}<\/style>\t\t\t\t\t\t\t\t\t\t<img fetchpriority=\"high\" decoding=\"async\" width=\"1024\" height=\"1024\" src=\"https:\/\/mybelladeco.fr\/wp-content\/uploads\/2023\/09\/LOGO-CARRE-ROUGE-ET-ROSE-1024x1024.png\" class=\"attachment-large size-large wp-image-2835\" alt=\"\" srcset=\"https:\/\/mybelladeco.fr\/wp-content\/uploads\/2023\/09\/LOGO-CARRE-ROUGE-ET-ROSE-1024x1024.png 1024w, https:\/\/mybelladeco.fr\/wp-content\/uploads\/2023\/09\/LOGO-CARRE-ROUGE-ET-ROSE-300x300.png 300w, https:\/\/mybelladeco.fr\/wp-content\/uploads\/2023\/09\/LOGO-CARRE-ROUGE-ET-ROSE-150x150.png 150w, https:\/\/mybelladeco.fr\/wp-content\/uploads\/2023\/09\/LOGO-CARRE-ROUGE-ET-ROSE-768x768.png 768w, https:\/\/mybelladeco.fr\/wp-content\/uploads\/2023\/09\/LOGO-CARRE-ROUGE-ET-ROSE-1536x1536.png 1536w, https:\/\/mybelladeco.fr\/wp-content\/uploads\/2023\/09\/LOGO-CARRE-ROUGE-ET-ROSE-2048x2048.png 2048w, https:\/\/mybelladeco.fr\/wp-content\/uploads\/2023\/09\/LOGO-CARRE-ROUGE-ET-ROSE-600x600.png 600w, https:\/\/mybelladeco.fr\/wp-content\/uploads\/2023\/09\/LOGO-CARRE-ROUGE-ET-ROSE-100x100.png 100w\" sizes=\"(max-width: 1024px) 100vw, 1024px\" \/>\t\t\t\t\t\t\t\t\t\t\t\t\t<\/div>\n\t\t\t\t<\/div>\n\t\t\t\t<\/div>\n\t\t<div class=\"elementor-element elementor-element-9e19d67 e-grid e-con-boxed e-con e-parent\" data-id=\"9e19d67\" data-element_type=\"container\">\n\t\t\t\t\t<div class=\"e-con-inner\">\n\t\t\t\t<div class=\"elementor-element elementor-element-72afec3 elementor-flip-box--effect-flip elementor-flip-box--direction-up elementor-widget elementor-widget-flip-box\" data-id=\"72afec3\" data-element_type=\"widget\" data-widget_type=\"flip-box.default\">\n\t\t\t\t<div class=\"elementor-widget-container\">\n\t\t\t<link rel=\"stylesheet\" href=\"https:\/\/mybelladeco.fr\/wp-content\/plugins\/elementor-pro\/assets\/css\/widget-flip-box.min.css?ver=1722256474\">\t\t<div class=\"elementor-flip-box\" tabindex=\"0\">\n\t\t\t<div class=\"elementor-flip-box__layer elementor-flip-box__front\">\n\t\t\t\t<div class=\"elementor-flip-box__layer__overlay\">\n\t\t\t\t\t<div class=\"elementor-flip-box__layer__inner\">\n\t\t\t\t\t\t\t\t\t\t\t\t\t<div class=\"elementor-flip-box__image\">\n\t\t\t\t\t\t\t\t<img decoding=\"async\" width=\"976\" height=\"995\" src=\"https:\/\/mybelladeco.fr\/wp-content\/uploads\/2024\/07\/DECORATION-DINTERIEUR-1.png\" class=\"attachment-full size-full wp-image-2392\" alt=\"\" srcset=\"https:\/\/mybelladeco.fr\/wp-content\/uploads\/2024\/07\/DECORATION-DINTERIEUR-1.png 976w, https:\/\/mybelladeco.fr\/wp-content\/uploads\/2024\/07\/DECORATION-DINTERIEUR-1-294x300.png 294w, https:\/\/mybelladeco.fr\/wp-content\/uploads\/2024\/07\/DECORATION-DINTERIEUR-1-768x783.png 768w, https:\/\/mybelladeco.fr\/wp-content\/uploads\/2024\/07\/DECORATION-DINTERIEUR-1-600x612.png 600w\" sizes=\"(max-width: 976px) 100vw, 976px\" \/>\t\t\t\t\t\t\t<\/div>\n\t\t\t\t\t\t\n\t\t\t\t\t\t\n\t\t\t\t\t\t\t\t\t\t\t<\/div>\n\t\t\t\t<\/div>\n\t\t\t<\/div>\n\t\t\t<div class=\"elementor-flip-box__layer elementor-flip-box__back\">\n\t\t\t<div class=\"elementor-flip-box__layer__overlay\">\n\t\t\t\t<div class=\"elementor-flip-box__layer__inner\">\n\t\t\t\t\t\t\t\t\t\t\t<h3 class=\"elementor-flip-box__layer__title\">\n\t\t\t\t\t\t\tProjet d\u00e9coration\t\t\t\t\t\t<\/h3>\n\t\t\t\t\t\n\t\t\t\t\t\t\t\t\t\t\t<div class=\"elementor-flip-box__layer__description\">\n\t\t\t\t\t\t\tVous avez un projet de d\u00e9coration ou d'am\u00e9nagement pour votre int\u00e9rieur, vos bureaux, votre boutique ou votre restaurant, je vous accompagne afin de mener \u00e0 bien ce r\u00eave.\t\t\t\t\t\t<\/div>\n\t\t\t\t\t\n\t\t\t\t\t\t\t\t\t\t\t<a class=\"elementor-flip-box__button elementor-button elementor-size-sm\" href=\"https:\/\/mybelladeco.fr\/index.php\/accueil\/\">\n\t\t\t\t\t\t\tCliquer ici\t\t\t\t\t\t<\/a>\n\t\t\t\t\t\t\t\t<\/div>\n\t\t<\/div>\n\t\t<\/div>\n\t\t<\/div>\n\t\t\t\t<\/div>\n\t\t\t\t<\/div>\n\t\t\t\t<div class=\"elementor-element elementor-element-8061ee0 elementor-flip-box--effect-flip elementor-flip-box--direction-up elementor-widget elementor-widget-flip-box\" data-id=\"8061ee0\" data-element_type=\"widget\" data-widget_type=\"flip-box.default\">\n\t\t\t\t<div class=\"elementor-widget-container\">\n\t\t\t\t\t<div class=\"elementor-flip-box\" tabindex=\"0\">\n\t\t\t<div class=\"elementor-flip-box__layer elementor-flip-box__front\">\n\t\t\t\t<div class=\"elementor-flip-box__layer__overlay\">\n\t\t\t\t\t<div class=\"elementor-flip-box__layer__inner\">\n\t\t\t\t\t\t\t\t\t\t\t\t\t<div class=\"elementor-flip-box__image\">\n\t\t\t\t\t\t\t\t<img decoding=\"async\" width=\"976\" height=\"995\" src=\"https:\/\/mybelladeco.fr\/wp-content\/uploads\/2024\/07\/MY-PTITE-BOUTIQUE-1.png\" class=\"attachment-full size-full wp-image-2393\" alt=\"\" srcset=\"https:\/\/mybelladeco.fr\/wp-content\/uploads\/2024\/07\/MY-PTITE-BOUTIQUE-1.png 976w, https:\/\/mybelladeco.fr\/wp-content\/uploads\/2024\/07\/MY-PTITE-BOUTIQUE-1-294x300.png 294w, https:\/\/mybelladeco.fr\/wp-content\/uploads\/2024\/07\/MY-PTITE-BOUTIQUE-1-768x783.png 768w, https:\/\/mybelladeco.fr\/wp-content\/uploads\/2024\/07\/MY-PTITE-BOUTIQUE-1-600x612.png 600w\" sizes=\"(max-width: 976px) 100vw, 976px\" \/>\t\t\t\t\t\t\t<\/div>\n\t\t\t\t\t\t\n\t\t\t\t\t\t\n\t\t\t\t\t\t\t\t\t\t\t<\/div>\n\t\t\t\t<\/div>\n\t\t\t<\/div>\n\t\t\t<div class=\"elementor-flip-box__layer elementor-flip-box__back\">\n\t\t\t<div class=\"elementor-flip-box__layer__overlay\">\n\t\t\t\t<div class=\"elementor-flip-box__layer__inner\">\n\t\t\t\t\t\t\t\t\t\t\t<h3 class=\"elementor-flip-box__layer__title\">\n\t\t\t\t\t\t\tBoutique\t\t\t\t\t\t<\/h3>\n\t\t\t\t\t\n\t\t\t\t\t\t\t\t\t\t\t<div class=\"elementor-flip-box__layer__description\">\n\t\t\t\t\t\t\tVous avez un \u00e9vement important (mariage, anniversaire, concert ...), je r\u00e9alise vos accessoires personnalis\u00e9s.\t\t\t\t\t\t<\/div>\n\t\t\t\t\t\n\t\t\t\t\t\t\t\t\t\t\t<a class=\"elementor-flip-box__button elementor-button elementor-size-sm\" href=\"https:\/\/mybelladeco.fr\/index.php\/boutique\/\">\n\t\t\t\t\t\t\tCliquer ici\t\t\t\t\t\t<\/a>\n\t\t\t\t\t\t\t\t<\/div>\n\t\t<\/div>\n\t\t<\/div>\n\t\t<\/div>\n\t\t\t\t<\/div>\n\t\t\t\t<\/div>\n\t\t\t\t\t<\/div>\n\t\t\t\t<\/div>\n\t\t\t\t<\/div>\n\t\t","protected":false},"excerpt":{"rendered":"<p>Projet d\u00e9coration Vous avez un projet de d\u00e9coration ou d&rsquo;am\u00e9nagement pour votre int\u00e9rieur, vos bureaux, votre boutique ou votre restaurant, je vous accompagne afin de mener \u00e0 bien ce r\u00eave. Cliquer ici Boutique Vous avez un \u00e9vement important (mariage, anniversaire, concert &#8230;), je r\u00e9alise vos accessoires personnalis\u00e9s. Cliquer ici<\/p>\n","protected":false},"author":1,"featured_media":1657,"parent":0,"menu_order":0,"comment_status":"closed","ping_status":"closed","template":"","meta":{"footnotes":""},"class_list":["post-227","page","type-page","status-publish","has-post-thumbnail","hentry"],"jetpack_sharing_enabled":true,"_links":{"self":[{"href":"https:\/\/mybelladeco.fr\/index.php\/wp-json\/wp\/v2\/pages\/227","targetHints":{"allow":["GET"]}}],"collection":[{"href":"https:\/\/mybelladeco.fr\/index.php\/wp-json\/wp\/v2\/pages"}],"about":[{"href":"https:\/\/mybelladeco.fr\/index.php\/wp-json\/wp\/v2\/types\/page"}],"author":[{"embeddable":true,"href":"https:\/\/mybelladeco.fr\/index.php\/wp-json\/wp\/v2\/users\/1"}],"replies":[{"embeddable":true,"href":"https:\/\/mybelladeco.fr\/index.php\/wp-json\/wp\/v2\/comments?post=227"}],"version-history":[{"count":335,"href":"https:\/\/mybelladeco.fr\/index.php\/wp-json\/wp\/v2\/pages\/227\/revisions"}],"predecessor-version":[{"id":2861,"href":"https:\/\/mybelladeco.fr\/index.php\/wp-json\/wp\/v2\/pages\/227\/revisions\/2861"}],"wp:featuredmedia":[{"embeddable":true,"href":"https:\/\/mybelladeco.fr\/index.php\/wp-json\/wp\/v2\/media\/1657"}],"wp:attachment":[{"href":"https:\/\/mybelladeco.fr\/index.php\/wp-json\/wp\/v2\/media?parent=227"}],"curies":[{"name":"wp","href":"https:\/\/api.w.org\/{rel}","templated":true}]}}