{"id":974,"date":"2023-10-04T11:40:28","date_gmt":"2023-10-04T09:40:28","guid":{"rendered":"https:\/\/mybelladeco.fr\/?page_id=974"},"modified":"2023-10-26T16:40:08","modified_gmt":"2023-10-26T14:40:08","slug":"appartement-montagne","status":"publish","type":"page","link":"https:\/\/mybelladeco.fr\/index.php\/appartement-montagne\/","title":{"rendered":"Appartement Montagne"},"content":{"rendered":"\t\t<div data-elementor-type=\"wp-page\" data-elementor-id=\"974\" class=\"elementor elementor-974\" data-elementor-post-type=\"page\">\n\t\t\t\t<div class=\"elementor-element elementor-element-fc50e58 e-con-full e-flex e-con e-parent\" data-id=\"fc50e58\" data-element_type=\"container\" data-settings=\"{&quot;shape_divider_top&quot;:&quot;waves&quot;}\">\n\t\t\t\t<div class=\"elementor-shape elementor-shape-top\" data-negative=\"false\">\n\t\t\t<svg xmlns=\"http:\/\/www.w3.org\/2000\/svg\" viewBox=\"0 0 1000 100\" preserveAspectRatio=\"none\">\n\t<path class=\"elementor-shape-fill\" d=\"M421.9,6.5c22.6-2.5,51.5,0.4,75.5,5.3c23.6,4.9,70.9,23.5,100.5,35.7c75.8,32.2,133.7,44.5,192.6,49.7\n\tc23.6,2.1,48.7,3.5,103.4-2.5c54.7-6,106.2-25.6,106.2-25.6V0H0v30.3c0,0,72,32.6,158.4,30.5c39.2-0.7,92.8-6.7,134-22.4\n\tc21.2-8.1,52.2-18.2,79.7-24.2C399.3,7.9,411.6,7.5,421.9,6.5z\"\/>\n<\/svg>\t\t<\/div>\n\t\t\t\t<div class=\"elementor-element elementor-element-fbb1dab elementor-widget__width-initial elementor-widget elementor-widget-image\" data-id=\"fbb1dab\" data-element_type=\"widget\" data-widget_type=\"image.default\">\n\t\t\t\t<div class=\"elementor-widget-container\">\n\t\t\t<style>\/*! elementor - v3.23.0 - 25-07-2024 *\/\n.elementor-widget-image{text-align:center}.elementor-widget-image a{display:inline-block}.elementor-widget-image a img[src$=\".svg\"]{width:48px}.elementor-widget-image img{vertical-align:middle;display:inline-block}<\/style>\t\t\t\t\t\t\t\t\t\t<img fetchpriority=\"high\" decoding=\"async\" width=\"1050\" height=\"591\" src=\"https:\/\/mybelladeco.fr\/wp-content\/uploads\/2023\/10\/RENDU-AM-1.png\" class=\"attachment-full size-full wp-image-989\" alt=\"\" srcset=\"https:\/\/mybelladeco.fr\/wp-content\/uploads\/2023\/10\/RENDU-AM-1.png 1050w, https:\/\/mybelladeco.fr\/wp-content\/uploads\/2023\/10\/RENDU-AM-1-600x338.png 600w, https:\/\/mybelladeco.fr\/wp-content\/uploads\/2023\/10\/RENDU-AM-1-300x169.png 300w, https:\/\/mybelladeco.fr\/wp-content\/uploads\/2023\/10\/RENDU-AM-1-1024x576.png 1024w, https:\/\/mybelladeco.fr\/wp-content\/uploads\/2023\/10\/RENDU-AM-1-768x432.png 768w, https:\/\/mybelladeco.fr\/wp-content\/uploads\/2023\/10\/RENDU-AM-1-850x478.png 850w\" sizes=\"(max-width: 1050px) 100vw, 1050px\" \/>\t\t\t\t\t\t\t\t\t\t\t\t\t<\/div>\n\t\t\t\t<\/div>\n\t\t<div class=\"elementor-element elementor-element-ad8ee3 e-con-full e-flex e-con e-child\" data-id=\"ad8ee3\" data-element_type=\"container\">\n\t\t\t\t<div class=\"elementor-element elementor-element-48746058 elementor-invisible elementor-widget elementor-widget-heading\" data-id=\"48746058\" data-element_type=\"widget\" data-settings=\"{&quot;_animation&quot;:&quot;fadeIn&quot;}\" data-widget_type=\"heading.default\">\n\t\t\t\t<div class=\"elementor-widget-container\">\n\t\t\t<style>\/*! elementor - v3.23.0 - 25-07-2024 *\/\n.elementor-heading-title{padding:0;margin:0;line-height:1}.elementor-widget-heading .elementor-heading-title[class*=elementor-size-]>a{color:inherit;font-size:inherit;line-height:inherit}.elementor-widget-heading .elementor-heading-title.elementor-size-small{font-size:15px}.elementor-widget-heading .elementor-heading-title.elementor-size-medium{font-size:19px}.elementor-widget-heading .elementor-heading-title.elementor-size-large{font-size:29px}.elementor-widget-heading .elementor-heading-title.elementor-size-xl{font-size:39px}.elementor-widget-heading .elementor-heading-title.elementor-size-xxl{font-size:59px}<\/style><h3 class=\"elementor-heading-title elementor-size-default\">Appartement \u00e0 la montagne<\/h3>\t\t<\/div>\n\t\t\t\t<\/div>\n\t\t\t\t<div class=\"elementor-element elementor-element-328d5b81 elementor-widget-divider--view-line elementor-widget elementor-widget-divider\" data-id=\"328d5b81\" data-element_type=\"widget\" data-widget_type=\"divider.default\">\n\t\t\t\t<div class=\"elementor-widget-container\">\n\t\t\t<style>\/*! elementor - v3.23.0 - 25-07-2024 *\/\n.elementor-widget-divider{--divider-border-style:none;--divider-border-width:1px;--divider-color:#0c0d0e;--divider-icon-size:20px;--divider-element-spacing:10px;--divider-pattern-height:24px;--divider-pattern-size:20px;--divider-pattern-url:none;--divider-pattern-repeat:repeat-x}.elementor-widget-divider .elementor-divider{display:flex}.elementor-widget-divider .elementor-divider__text{font-size:15px;line-height:1;max-width:95%}.elementor-widget-divider .elementor-divider__element{margin:0 var(--divider-element-spacing);flex-shrink:0}.elementor-widget-divider .elementor-icon{font-size:var(--divider-icon-size)}.elementor-widget-divider .elementor-divider-separator{display:flex;margin:0;direction:ltr}.elementor-widget-divider--view-line_icon .elementor-divider-separator,.elementor-widget-divider--view-line_text .elementor-divider-separator{align-items:center}.elementor-widget-divider--view-line_icon .elementor-divider-separator:after,.elementor-widget-divider--view-line_icon .elementor-divider-separator:before,.elementor-widget-divider--view-line_text .elementor-divider-separator:after,.elementor-widget-divider--view-line_text .elementor-divider-separator:before{display:block;content:\"\";border-block-end:0;flex-grow:1;border-block-start:var(--divider-border-width) var(--divider-border-style) var(--divider-color)}.elementor-widget-divider--element-align-left .elementor-divider .elementor-divider-separator>.elementor-divider__svg:first-of-type{flex-grow:0;flex-shrink:100}.elementor-widget-divider--element-align-left .elementor-divider-separator:before{content:none}.elementor-widget-divider--element-align-left .elementor-divider__element{margin-left:0}.elementor-widget-divider--element-align-right .elementor-divider .elementor-divider-separator>.elementor-divider__svg:last-of-type{flex-grow:0;flex-shrink:100}.elementor-widget-divider--element-align-right .elementor-divider-separator:after{content:none}.elementor-widget-divider--element-align-right .elementor-divider__element{margin-right:0}.elementor-widget-divider--element-align-start .elementor-divider .elementor-divider-separator>.elementor-divider__svg:first-of-type{flex-grow:0;flex-shrink:100}.elementor-widget-divider--element-align-start .elementor-divider-separator:before{content:none}.elementor-widget-divider--element-align-start .elementor-divider__element{margin-inline-start:0}.elementor-widget-divider--element-align-end .elementor-divider .elementor-divider-separator>.elementor-divider__svg:last-of-type{flex-grow:0;flex-shrink:100}.elementor-widget-divider--element-align-end .elementor-divider-separator:after{content:none}.elementor-widget-divider--element-align-end .elementor-divider__element{margin-inline-end:0}.elementor-widget-divider:not(.elementor-widget-divider--view-line_text):not(.elementor-widget-divider--view-line_icon) .elementor-divider-separator{border-block-start:var(--divider-border-width) var(--divider-border-style) var(--divider-color)}.elementor-widget-divider--separator-type-pattern{--divider-border-style:none}.elementor-widget-divider--separator-type-pattern.elementor-widget-divider--view-line .elementor-divider-separator,.elementor-widget-divider--separator-type-pattern:not(.elementor-widget-divider--view-line) .elementor-divider-separator:after,.elementor-widget-divider--separator-type-pattern:not(.elementor-widget-divider--view-line) .elementor-divider-separator:before,.elementor-widget-divider--separator-type-pattern:not([class*=elementor-widget-divider--view]) .elementor-divider-separator{width:100%;min-height:var(--divider-pattern-height);-webkit-mask-size:var(--divider-pattern-size) 100%;mask-size:var(--divider-pattern-size) 100%;-webkit-mask-repeat:var(--divider-pattern-repeat);mask-repeat:var(--divider-pattern-repeat);background-color:var(--divider-color);-webkit-mask-image:var(--divider-pattern-url);mask-image:var(--divider-pattern-url)}.elementor-widget-divider--no-spacing{--divider-pattern-size:auto}.elementor-widget-divider--bg-round{--divider-pattern-repeat:round}.rtl .elementor-widget-divider .elementor-divider__text{direction:rtl}.e-con-inner>.elementor-widget-divider,.e-con>.elementor-widget-divider{width:var(--container-widget-width,100%);--flex-grow:var(--container-widget-flex-grow)}<\/style>\t\t<div class=\"elementor-divider\">\n\t\t\t<span class=\"elementor-divider-separator\">\n\t\t\t\t\t\t<\/span>\n\t\t<\/div>\n\t\t\t\t<\/div>\n\t\t\t\t<\/div>\n\t\t\t\t<div class=\"elementor-element elementor-element-45a9fe38 elementor-widget__width-initial elementor-widget elementor-widget-text-editor\" data-id=\"45a9fe38\" data-element_type=\"widget\" data-widget_type=\"text-editor.default\">\n\t\t\t\t<div class=\"elementor-widget-container\">\n\t\t\t<style>\/*! elementor - v3.23.0 - 25-07-2024 *\/\n.elementor-widget-text-editor.elementor-drop-cap-view-stacked .elementor-drop-cap{background-color:#69727d;color:#fff}.elementor-widget-text-editor.elementor-drop-cap-view-framed .elementor-drop-cap{color:#69727d;border:3px solid;background-color:transparent}.elementor-widget-text-editor:not(.elementor-drop-cap-view-default) .elementor-drop-cap{margin-top:8px}.elementor-widget-text-editor:not(.elementor-drop-cap-view-default) .elementor-drop-cap-letter{width:1em;height:1em}.elementor-widget-text-editor .elementor-drop-cap{float:left;text-align:center;line-height:1;font-size:50px}.elementor-widget-text-editor .elementor-drop-cap-letter{display:inline-block}<\/style>\t\t\t\t<p>D\u00e9coration d\u2019une r\u00e9sidence secondaire<\/p><p>Surface : 40 m<sup>2<\/sup><\/p><p>Mes clients un couple d\u2019une quarantaine d\u2019ann\u00e9e avec un enfant, souhaitent une ambiance monatgne chic avec beaucoup de rangement<\/p><p>Pour ce projet je suis partie sur une ambiance chaleureuse et naturel, afin d\u2019apporter un c\u00f4t\u00e9 chic au bois pr\u00e9sent, j\u2019ai d\u00e9cid\u00e9 d\u2019int\u00e9grer par touche le noir.<span class=\"Apple-converted-space\">\u00a0<\/span><\/p><p>J\u2019ai cr\u00e9\u00e9 sur-mesure des placards dans chaque pi\u00e8ce de lappartement pour que tout le monde puisse ranger convenablement ses affaires.<\/p>\t\t\t\t\t\t<\/div>\n\t\t\t\t<\/div>\n\t\t\t\t<\/div>\n\t\t\t\t<\/div>\n\t\t<div class=\"elementor-element elementor-element-17ecd7e e-grid e-con-boxed e-con e-parent\" data-id=\"17ecd7e\" data-element_type=\"container\" data-settings=\"{&quot;background_background&quot;:&quot;classic&quot;}\">\n\t\t\t\t\t<div class=\"e-con-inner\">\n\t\t\t\t<div class=\"elementor-element elementor-element-4d039b3 elementor-widget elementor-widget-image\" data-id=\"4d039b3\" data-element_type=\"widget\" data-widget_type=\"image.default\">\n\t\t\t\t<div class=\"elementor-widget-container\">\n\t\t\t\t\t\t\t\t\t\t<figure class=\"wp-caption\">\n\t\t\t\t\t\t\t\t\t\t<img decoding=\"async\" width=\"2560\" height=\"1809\" src=\"https:\/\/mybelladeco.fr\/wp-content\/uploads\/2023\/10\/PLAN-AMENAGE-scaled.jpg\" class=\"attachment-full size-full wp-image-990\" alt=\"\" srcset=\"https:\/\/mybelladeco.fr\/wp-content\/uploads\/2023\/10\/PLAN-AMENAGE-scaled.jpg 2560w, https:\/\/mybelladeco.fr\/wp-content\/uploads\/2023\/10\/PLAN-AMENAGE-scaled-600x424.jpg 600w, https:\/\/mybelladeco.fr\/wp-content\/uploads\/2023\/10\/PLAN-AMENAGE-300x212.jpg 300w, https:\/\/mybelladeco.fr\/wp-content\/uploads\/2023\/10\/PLAN-AMENAGE-1024x724.jpg 1024w, https:\/\/mybelladeco.fr\/wp-content\/uploads\/2023\/10\/PLAN-AMENAGE-768x543.jpg 768w, https:\/\/mybelladeco.fr\/wp-content\/uploads\/2023\/10\/PLAN-AMENAGE-1536x1085.jpg 1536w, https:\/\/mybelladeco.fr\/wp-content\/uploads\/2023\/10\/PLAN-AMENAGE-2048x1447.jpg 2048w, https:\/\/mybelladeco.fr\/wp-content\/uploads\/2023\/10\/PLAN-AMENAGE-850x601.jpg 850w\" sizes=\"(max-width: 2560px) 100vw, 2560px\" \/>\t\t\t\t\t\t\t\t\t\t\t<figcaption class=\"widget-image-caption wp-caption-text\"><\/figcaption>\n\t\t\t\t\t\t\t\t\t\t<\/figure>\n\t\t\t\t\t\t\t<\/div>\n\t\t\t\t<\/div>\n\t\t\t\t<div class=\"elementor-element elementor-element-544637e elementor-widget elementor-widget-image\" data-id=\"544637e\" data-element_type=\"widget\" data-widget_type=\"image.default\">\n\t\t\t\t<div class=\"elementor-widget-container\">\n\t\t\t\t\t\t\t\t\t\t<figure class=\"wp-caption\">\n\t\t\t\t\t\t\t\t\t\t<img decoding=\"async\" width=\"2560\" height=\"1809\" src=\"https:\/\/mybelladeco.fr\/wp-content\/uploads\/2023\/10\/COUPE-APPARTEMENT-MAONTAGNE-scaled.jpg\" class=\"attachment-full size-full wp-image-977\" alt=\"\" srcset=\"https:\/\/mybelladeco.fr\/wp-content\/uploads\/2023\/10\/COUPE-APPARTEMENT-MAONTAGNE-scaled.jpg 2560w, https:\/\/mybelladeco.fr\/wp-content\/uploads\/2023\/10\/COUPE-APPARTEMENT-MAONTAGNE-scaled-600x424.jpg 600w, https:\/\/mybelladeco.fr\/wp-content\/uploads\/2023\/10\/COUPE-APPARTEMENT-MAONTAGNE-300x212.jpg 300w, https:\/\/mybelladeco.fr\/wp-content\/uploads\/2023\/10\/COUPE-APPARTEMENT-MAONTAGNE-1024x724.jpg 1024w, https:\/\/mybelladeco.fr\/wp-content\/uploads\/2023\/10\/COUPE-APPARTEMENT-MAONTAGNE-768x543.jpg 768w, https:\/\/mybelladeco.fr\/wp-content\/uploads\/2023\/10\/COUPE-APPARTEMENT-MAONTAGNE-1536x1085.jpg 1536w, https:\/\/mybelladeco.fr\/wp-content\/uploads\/2023\/10\/COUPE-APPARTEMENT-MAONTAGNE-2048x1447.jpg 2048w, https:\/\/mybelladeco.fr\/wp-content\/uploads\/2023\/10\/COUPE-APPARTEMENT-MAONTAGNE-850x601.jpg 850w\" sizes=\"(max-width: 2560px) 100vw, 2560px\" \/>\t\t\t\t\t\t\t\t\t\t\t<figcaption class=\"widget-image-caption wp-caption-text\"><\/figcaption>\n\t\t\t\t\t\t\t\t\t\t<\/figure>\n\t\t\t\t\t\t\t<\/div>\n\t\t\t\t<\/div>\n\t\t\t\t<div class=\"elementor-element elementor-element-771c938 elementor-widget elementor-widget-image\" data-id=\"771c938\" data-element_type=\"widget\" data-widget_type=\"image.default\">\n\t\t\t\t<div class=\"elementor-widget-container\">\n\t\t\t\t\t\t\t\t\t\t<figure class=\"wp-caption\">\n\t\t\t\t\t\t\t\t\t\t<img loading=\"lazy\" decoding=\"async\" width=\"2560\" height=\"1809\" src=\"https:\/\/mybelladeco.fr\/wp-content\/uploads\/2023\/10\/PLANCHE-AMBIANCE-1-scaled.jpg\" class=\"attachment-full size-full wp-image-981\" alt=\"\" srcset=\"https:\/\/mybelladeco.fr\/wp-content\/uploads\/2023\/10\/PLANCHE-AMBIANCE-1-scaled.jpg 2560w, https:\/\/mybelladeco.fr\/wp-content\/uploads\/2023\/10\/PLANCHE-AMBIANCE-1-scaled-600x424.jpg 600w, https:\/\/mybelladeco.fr\/wp-content\/uploads\/2023\/10\/PLANCHE-AMBIANCE-1-300x212.jpg 300w, https:\/\/mybelladeco.fr\/wp-content\/uploads\/2023\/10\/PLANCHE-AMBIANCE-1-1024x724.jpg 1024w, https:\/\/mybelladeco.fr\/wp-content\/uploads\/2023\/10\/PLANCHE-AMBIANCE-1-768x543.jpg 768w, https:\/\/mybelladeco.fr\/wp-content\/uploads\/2023\/10\/PLANCHE-AMBIANCE-1-1536x1085.jpg 1536w, https:\/\/mybelladeco.fr\/wp-content\/uploads\/2023\/10\/PLANCHE-AMBIANCE-1-2048x1447.jpg 2048w, https:\/\/mybelladeco.fr\/wp-content\/uploads\/2023\/10\/PLANCHE-AMBIANCE-1-850x601.jpg 850w\" sizes=\"(max-width: 2560px) 100vw, 2560px\" \/>\t\t\t\t\t\t\t\t\t\t\t<figcaption class=\"widget-image-caption wp-caption-text\"><\/figcaption>\n\t\t\t\t\t\t\t\t\t\t<\/figure>\n\t\t\t\t\t\t\t<\/div>\n\t\t\t\t<\/div>\n\t\t\t\t<div class=\"elementor-element elementor-element-1601416 elementor-widget elementor-widget-image\" data-id=\"1601416\" data-element_type=\"widget\" data-widget_type=\"image.default\">\n\t\t\t\t<div class=\"elementor-widget-container\">\n\t\t\t\t\t\t\t\t\t\t<figure class=\"wp-caption\">\n\t\t\t\t\t\t\t\t\t\t<img loading=\"lazy\" decoding=\"async\" width=\"2560\" height=\"1809\" src=\"https:\/\/mybelladeco.fr\/wp-content\/uploads\/2023\/10\/PLANCHE-AMBIANCE-2-scaled.jpg\" class=\"attachment-full size-full wp-image-982\" alt=\"\" srcset=\"https:\/\/mybelladeco.fr\/wp-content\/uploads\/2023\/10\/PLANCHE-AMBIANCE-2-scaled.jpg 2560w, https:\/\/mybelladeco.fr\/wp-content\/uploads\/2023\/10\/PLANCHE-AMBIANCE-2-scaled-600x424.jpg 600w, https:\/\/mybelladeco.fr\/wp-content\/uploads\/2023\/10\/PLANCHE-AMBIANCE-2-300x212.jpg 300w, https:\/\/mybelladeco.fr\/wp-content\/uploads\/2023\/10\/PLANCHE-AMBIANCE-2-1024x724.jpg 1024w, https:\/\/mybelladeco.fr\/wp-content\/uploads\/2023\/10\/PLANCHE-AMBIANCE-2-768x543.jpg 768w, https:\/\/mybelladeco.fr\/wp-content\/uploads\/2023\/10\/PLANCHE-AMBIANCE-2-1536x1085.jpg 1536w, https:\/\/mybelladeco.fr\/wp-content\/uploads\/2023\/10\/PLANCHE-AMBIANCE-2-2048x1447.jpg 2048w, https:\/\/mybelladeco.fr\/wp-content\/uploads\/2023\/10\/PLANCHE-AMBIANCE-2-850x601.jpg 850w\" sizes=\"(max-width: 2560px) 100vw, 2560px\" \/>\t\t\t\t\t\t\t\t\t\t\t<figcaption class=\"widget-image-caption wp-caption-text\"><\/figcaption>\n\t\t\t\t\t\t\t\t\t\t<\/figure>\n\t\t\t\t\t\t\t<\/div>\n\t\t\t\t<\/div>\n\t\t\t\t<div class=\"elementor-element elementor-element-28a8588 elementor-widget elementor-widget-image\" data-id=\"28a8588\" data-element_type=\"widget\" data-widget_type=\"image.default\">\n\t\t\t\t<div class=\"elementor-widget-container\">\n\t\t\t\t\t\t\t\t\t\t\t\t\t<img loading=\"lazy\" decoding=\"async\" width=\"2560\" height=\"1809\" src=\"https:\/\/mybelladeco.fr\/wp-content\/uploads\/2023\/10\/PLANCHE-AMBIANCE-3-scaled.jpg\" class=\"attachment-full size-full wp-image-983\" alt=\"\" srcset=\"https:\/\/mybelladeco.fr\/wp-content\/uploads\/2023\/10\/PLANCHE-AMBIANCE-3-scaled.jpg 2560w, https:\/\/mybelladeco.fr\/wp-content\/uploads\/2023\/10\/PLANCHE-AMBIANCE-3-scaled-600x424.jpg 600w, https:\/\/mybelladeco.fr\/wp-content\/uploads\/2023\/10\/PLANCHE-AMBIANCE-3-300x212.jpg 300w, https:\/\/mybelladeco.fr\/wp-content\/uploads\/2023\/10\/PLANCHE-AMBIANCE-3-1024x724.jpg 1024w, https:\/\/mybelladeco.fr\/wp-content\/uploads\/2023\/10\/PLANCHE-AMBIANCE-3-768x543.jpg 768w, https:\/\/mybelladeco.fr\/wp-content\/uploads\/2023\/10\/PLANCHE-AMBIANCE-3-1536x1085.jpg 1536w, https:\/\/mybelladeco.fr\/wp-content\/uploads\/2023\/10\/PLANCHE-AMBIANCE-3-2048x1447.jpg 2048w, https:\/\/mybelladeco.fr\/wp-content\/uploads\/2023\/10\/PLANCHE-AMBIANCE-3-850x601.jpg 850w\" sizes=\"(max-width: 2560px) 100vw, 2560px\" \/>\t\t\t\t\t\t\t\t\t\t\t\t\t<\/div>\n\t\t\t\t<\/div>\n\t\t\t\t<div class=\"elementor-element elementor-element-ef5970d elementor-widget elementor-widget-image\" data-id=\"ef5970d\" data-element_type=\"widget\" data-widget_type=\"image.default\">\n\t\t\t\t<div class=\"elementor-widget-container\">\n\t\t\t\t\t\t\t\t\t\t\t\t\t<img loading=\"lazy\" decoding=\"async\" width=\"2560\" height=\"1809\" src=\"https:\/\/mybelladeco.fr\/wp-content\/uploads\/2023\/10\/PLANCHE-AMBIANCE-4-scaled.jpg\" class=\"attachment-full size-full wp-image-984\" alt=\"\" srcset=\"https:\/\/mybelladeco.fr\/wp-content\/uploads\/2023\/10\/PLANCHE-AMBIANCE-4-scaled.jpg 2560w, https:\/\/mybelladeco.fr\/wp-content\/uploads\/2023\/10\/PLANCHE-AMBIANCE-4-scaled-600x424.jpg 600w, https:\/\/mybelladeco.fr\/wp-content\/uploads\/2023\/10\/PLANCHE-AMBIANCE-4-300x212.jpg 300w, https:\/\/mybelladeco.fr\/wp-content\/uploads\/2023\/10\/PLANCHE-AMBIANCE-4-1024x724.jpg 1024w, https:\/\/mybelladeco.fr\/wp-content\/uploads\/2023\/10\/PLANCHE-AMBIANCE-4-768x543.jpg 768w, https:\/\/mybelladeco.fr\/wp-content\/uploads\/2023\/10\/PLANCHE-AMBIANCE-4-1536x1085.jpg 1536w, https:\/\/mybelladeco.fr\/wp-content\/uploads\/2023\/10\/PLANCHE-AMBIANCE-4-2048x1447.jpg 2048w, https:\/\/mybelladeco.fr\/wp-content\/uploads\/2023\/10\/PLANCHE-AMBIANCE-4-850x601.jpg 850w\" sizes=\"(max-width: 2560px) 100vw, 2560px\" \/>\t\t\t\t\t\t\t\t\t\t\t\t\t<\/div>\n\t\t\t\t<\/div>\n\t\t\t\t<div class=\"elementor-element elementor-element-7913fc1 elementor-widget elementor-widget-image\" data-id=\"7913fc1\" data-element_type=\"widget\" data-widget_type=\"image.default\">\n\t\t\t\t<div class=\"elementor-widget-container\">\n\t\t\t\t\t\t\t\t\t\t\t\t\t<img loading=\"lazy\" decoding=\"async\" width=\"2560\" height=\"1809\" src=\"https:\/\/mybelladeco.fr\/wp-content\/uploads\/2023\/10\/PLANCHE-AMBIANCE-5-scaled.jpg\" class=\"attachment-full size-full wp-image-986\" alt=\"\" srcset=\"https:\/\/mybelladeco.fr\/wp-content\/uploads\/2023\/10\/PLANCHE-AMBIANCE-5-scaled.jpg 2560w, https:\/\/mybelladeco.fr\/wp-content\/uploads\/2023\/10\/PLANCHE-AMBIANCE-5-scaled-600x424.jpg 600w, https:\/\/mybelladeco.fr\/wp-content\/uploads\/2023\/10\/PLANCHE-AMBIANCE-5-300x212.jpg 300w, https:\/\/mybelladeco.fr\/wp-content\/uploads\/2023\/10\/PLANCHE-AMBIANCE-5-1024x724.jpg 1024w, https:\/\/mybelladeco.fr\/wp-content\/uploads\/2023\/10\/PLANCHE-AMBIANCE-5-768x543.jpg 768w, https:\/\/mybelladeco.fr\/wp-content\/uploads\/2023\/10\/PLANCHE-AMBIANCE-5-1536x1085.jpg 1536w, https:\/\/mybelladeco.fr\/wp-content\/uploads\/2023\/10\/PLANCHE-AMBIANCE-5-2048x1447.jpg 2048w, https:\/\/mybelladeco.fr\/wp-content\/uploads\/2023\/10\/PLANCHE-AMBIANCE-5-850x601.jpg 850w\" sizes=\"(max-width: 2560px) 100vw, 2560px\" \/>\t\t\t\t\t\t\t\t\t\t\t\t\t<\/div>\n\t\t\t\t<\/div>\n\t\t\t\t<div class=\"elementor-element elementor-element-a892cc5 elementor-widget elementor-widget-image\" data-id=\"a892cc5\" data-element_type=\"widget\" data-widget_type=\"image.default\">\n\t\t\t\t<div class=\"elementor-widget-container\">\n\t\t\t\t\t\t\t\t\t\t\t\t\t<img loading=\"lazy\" decoding=\"async\" width=\"1123\" height=\"794\" src=\"https:\/\/mybelladeco.fr\/wp-content\/uploads\/2023\/10\/PERSPECTIVE-PROJET-1-1.jpg\" class=\"attachment-full size-full wp-image-979\" alt=\"\" srcset=\"https:\/\/mybelladeco.fr\/wp-content\/uploads\/2023\/10\/PERSPECTIVE-PROJET-1-1.jpg 1123w, https:\/\/mybelladeco.fr\/wp-content\/uploads\/2023\/10\/PERSPECTIVE-PROJET-1-1-600x424.jpg 600w, https:\/\/mybelladeco.fr\/wp-content\/uploads\/2023\/10\/PERSPECTIVE-PROJET-1-1-300x212.jpg 300w, https:\/\/mybelladeco.fr\/wp-content\/uploads\/2023\/10\/PERSPECTIVE-PROJET-1-1-1024x724.jpg 1024w, https:\/\/mybelladeco.fr\/wp-content\/uploads\/2023\/10\/PERSPECTIVE-PROJET-1-1-768x543.jpg 768w, https:\/\/mybelladeco.fr\/wp-content\/uploads\/2023\/10\/PERSPECTIVE-PROJET-1-1-850x601.jpg 850w\" sizes=\"(max-width: 1123px) 100vw, 1123px\" \/>\t\t\t\t\t\t\t\t\t\t\t\t\t<\/div>\n\t\t\t\t<\/div>\n\t\t\t\t<div class=\"elementor-element elementor-element-da80c2c elementor-widget elementor-widget-image\" data-id=\"da80c2c\" data-element_type=\"widget\" data-widget_type=\"image.default\">\n\t\t\t\t<div class=\"elementor-widget-container\">\n\t\t\t\t\t\t\t\t\t\t\t\t\t<img loading=\"lazy\" decoding=\"async\" width=\"2560\" height=\"1809\" src=\"https:\/\/mybelladeco.fr\/wp-content\/uploads\/2023\/10\/RENDU-2-AM-scaled.jpg\" class=\"attachment-full size-full wp-image-987\" alt=\"\" srcset=\"https:\/\/mybelladeco.fr\/wp-content\/uploads\/2023\/10\/RENDU-2-AM-scaled.jpg 2560w, https:\/\/mybelladeco.fr\/wp-content\/uploads\/2023\/10\/RENDU-2-AM-scaled-600x424.jpg 600w, https:\/\/mybelladeco.fr\/wp-content\/uploads\/2023\/10\/RENDU-2-AM-300x212.jpg 300w, https:\/\/mybelladeco.fr\/wp-content\/uploads\/2023\/10\/RENDU-2-AM-1024x724.jpg 1024w, https:\/\/mybelladeco.fr\/wp-content\/uploads\/2023\/10\/RENDU-2-AM-768x543.jpg 768w, https:\/\/mybelladeco.fr\/wp-content\/uploads\/2023\/10\/RENDU-2-AM-1536x1085.jpg 1536w, https:\/\/mybelladeco.fr\/wp-content\/uploads\/2023\/10\/RENDU-2-AM-2048x1447.jpg 2048w, https:\/\/mybelladeco.fr\/wp-content\/uploads\/2023\/10\/RENDU-2-AM-850x601.jpg 850w\" sizes=\"(max-width: 2560px) 100vw, 2560px\" \/>\t\t\t\t\t\t\t\t\t\t\t\t\t<\/div>\n\t\t\t\t<\/div>\n\t\t\t\t<div class=\"elementor-element elementor-element-136a7ea elementor-widget elementor-widget-image\" data-id=\"136a7ea\" data-element_type=\"widget\" data-widget_type=\"image.default\">\n\t\t\t\t<div class=\"elementor-widget-container\">\n\t\t\t\t\t\t\t\t\t\t\t\t\t<img loading=\"lazy\" decoding=\"async\" width=\"2560\" height=\"1809\" src=\"https:\/\/mybelladeco.fr\/wp-content\/uploads\/2023\/10\/RENDU-AM-scaled.jpg\" class=\"attachment-full size-full wp-image-988\" alt=\"\" srcset=\"https:\/\/mybelladeco.fr\/wp-content\/uploads\/2023\/10\/RENDU-AM-scaled.jpg 2560w, https:\/\/mybelladeco.fr\/wp-content\/uploads\/2023\/10\/RENDU-AM-scaled-600x424.jpg 600w, https:\/\/mybelladeco.fr\/wp-content\/uploads\/2023\/10\/RENDU-AM-300x212.jpg 300w, https:\/\/mybelladeco.fr\/wp-content\/uploads\/2023\/10\/RENDU-AM-1024x724.jpg 1024w, https:\/\/mybelladeco.fr\/wp-content\/uploads\/2023\/10\/RENDU-AM-768x543.jpg 768w, https:\/\/mybelladeco.fr\/wp-content\/uploads\/2023\/10\/RENDU-AM-1536x1085.jpg 1536w, https:\/\/mybelladeco.fr\/wp-content\/uploads\/2023\/10\/RENDU-AM-2048x1447.jpg 2048w, https:\/\/mybelladeco.fr\/wp-content\/uploads\/2023\/10\/RENDU-AM-850x601.jpg 850w\" sizes=\"(max-width: 2560px) 100vw, 2560px\" \/>\t\t\t\t\t\t\t\t\t\t\t\t\t<\/div>\n\t\t\t\t<\/div>\n\t\t\t\t\t<\/div>\n\t\t\t\t<\/div>\n\t\t\t\t<\/div>\n\t\t","protected":false},"excerpt":{"rendered":"<p>Appartement \u00e0 la montagne D\u00e9coration d\u2019une r\u00e9sidence secondaire Surface : 40 m2 Mes clients un couple d\u2019une quarantaine d\u2019ann\u00e9e avec un enfant, souhaitent une ambiance monatgne chic avec beaucoup de rangement Pour ce projet je suis partie sur une ambiance chaleureuse et naturel, afin d\u2019apporter un c\u00f4t\u00e9 chic au bois pr\u00e9sent, j\u2019ai d\u00e9cid\u00e9 d\u2019int\u00e9grer par [&hellip;]<\/p>\n","protected":false},"author":1,"featured_media":696,"parent":0,"menu_order":0,"comment_status":"closed","ping_status":"closed","template":"","meta":{"footnotes":""},"class_list":["post-974","page","type-page","status-publish","has-post-thumbnail","hentry"],"jetpack_sharing_enabled":true,"_links":{"self":[{"href":"https:\/\/mybelladeco.fr\/index.php\/wp-json\/wp\/v2\/pages\/974","targetHints":{"allow":["GET"]}}],"collection":[{"href":"https:\/\/mybelladeco.fr\/index.php\/wp-json\/wp\/v2\/pages"}],"about":[{"href":"https:\/\/mybelladeco.fr\/index.php\/wp-json\/wp\/v2\/types\/page"}],"author":[{"embeddable":true,"href":"https:\/\/mybelladeco.fr\/index.php\/wp-json\/wp\/v2\/users\/1"}],"replies":[{"embeddable":true,"href":"https:\/\/mybelladeco.fr\/index.php\/wp-json\/wp\/v2\/comments?post=974"}],"version-history":[{"count":5,"href":"https:\/\/mybelladeco.fr\/index.php\/wp-json\/wp\/v2\/pages\/974\/revisions"}],"predecessor-version":[{"id":1910,"href":"https:\/\/mybelladeco.fr\/index.php\/wp-json\/wp\/v2\/pages\/974\/revisions\/1910"}],"wp:featuredmedia":[{"embeddable":true,"href":"https:\/\/mybelladeco.fr\/index.php\/wp-json\/wp\/v2\/media\/696"}],"wp:attachment":[{"href":"https:\/\/mybelladeco.fr\/index.php\/wp-json\/wp\/v2\/media?parent=974"}],"curies":[{"name":"wp","href":"https:\/\/api.w.org\/{rel}","templated":true}]}}