{"id":2484,"date":"2024-07-23T16:32:18","date_gmt":"2024-07-23T14:32:18","guid":{"rendered":"https:\/\/mybelladeco.fr\/?post_type=product&#038;p=2484"},"modified":"2024-09-24T13:44:13","modified_gmt":"2024-09-24T11:44:13","slug":"flex-concert-pierre","status":"publish","type":"product","link":"https:\/\/mybelladeco.fr\/index.php\/produit\/flex-concert-pierre\/","title":{"rendered":"Flex personnalis\u00e9"},"content":{"rendered":"<p>Planche A4 de flex thermocollant, \u00e0 coller au fer \u00e0 repasser. Notice d&rsquo;utilisation fournie<\/p>\n<p>Merci de m&rsquo;adresser par mail, le texte, la taille, la couleur : contact@mybelladeco.fr<\/p>\n","protected":false},"excerpt":{"rendered":"<p>Planche A4 de flex thermocollant, \u00e0 coller au fer \u00e0 repasser. Notice d&rsquo;utilisation fournie Merci de m&rsquo;adresser par mail, le texte, la taille, la couleur : contact@mybelladeco.fr<\/p>\n","protected":false},"featured_media":2485,"comment_status":"open","ping_status":"closed","template":"","meta":[],"product_cat":[28],"product_tag":[],"class_list":{"0":"post-2484","1":"product","2":"type-product","3":"status-publish","4":"has-post-thumbnail","6":"product_cat-accessoires","7":"product_shipping_class-leger","9":"first","10":"instock","11":"taxable","12":"shipping-taxable","13":"purchasable","14":"product-type-simple"},"jetpack_sharing_enabled":true,"_links":{"self":[{"href":"https:\/\/mybelladeco.fr\/index.php\/wp-json\/wp\/v2\/product\/2484","targetHints":{"allow":["GET"]}}],"collection":[{"href":"https:\/\/mybelladeco.fr\/index.php\/wp-json\/wp\/v2\/product"}],"about":[{"href":"https:\/\/mybelladeco.fr\/index.php\/wp-json\/wp\/v2\/types\/product"}],"replies":[{"embeddable":true,"href":"https:\/\/mybelladeco.fr\/index.php\/wp-json\/wp\/v2\/comments?post=2484"}],"version-history":[{"count":4,"href":"https:\/\/mybelladeco.fr\/index.php\/wp-json\/wp\/v2\/product\/2484\/revisions"}],"predecessor-version":[{"id":2719,"href":"https:\/\/mybelladeco.fr\/index.php\/wp-json\/wp\/v2\/product\/2484\/revisions\/2719"}],"wp:featuredmedia":[{"embeddable":true,"href":"https:\/\/mybelladeco.fr\/index.php\/wp-json\/wp\/v2\/media\/2485"}],"wp:attachment":[{"href":"https:\/\/mybelladeco.fr\/index.php\/wp-json\/wp\/v2\/media?parent=2484"}],"wp:term":[{"taxonomy":"product_cat","embeddable":true,"href":"https:\/\/mybelladeco.fr\/index.php\/wp-json\/wp\/v2\/product_cat?post=2484"},{"taxonomy":"product_tag","embeddable":true,"href":"https:\/\/mybelladeco.fr\/index.php\/wp-json\/wp\/v2\/product_tag?post=2484"}],"curies":[{"name":"wp","href":"https:\/\/api.w.org\/{rel}","templated":true}]}}