{"id":2728,"date":"2024-09-24T13:48:42","date_gmt":"2024-09-24T11:48:42","guid":{"rendered":"https:\/\/mybelladeco.fr\/?post_type=product&#038;p=2728"},"modified":"2025-01-06T13:50:54","modified_gmt":"2025-01-06T12:50:54","slug":"tee-shirt-fan-pierre-concert-olympia","status":"publish","type":"product","link":"https:\/\/mybelladeco.fr\/index.php\/produit\/tee-shirt-fan-pierre-concert-olympia\/","title":{"rendered":"Fan de te-shirt concert Pierre Olympia"},"content":{"rendered":"<p>Tee-Shirt FAN pour concert Pierre Garnier<\/p>\n<p>ATTENTION TAILLE MIXTE<\/p>\n<p>LES COMMANDES PASS\u00c9ES APR\u00c8S LE 6 JANVIER 2025 NE SERONT PAS ARRIV\u00c9ES POUR LE 22 JANVIER 2025<\/p>\n<p>&nbsp;<\/p>\n","protected":false},"excerpt":{"rendered":"<p>Tee-Shirt FAN pour concert Pierre Garnier ATTENTION TAILLE MIXTE LES COMMANDES PASS\u00c9ES APR\u00c8S LE 6 JANVIER 2025 NE SERONT PAS ARRIV\u00c9ES POUR LE 22 JANVIER 2025 &nbsp;<\/p>\n","protected":false},"featured_media":2803,"comment_status":"open","ping_status":"closed","template":"","meta":[],"product_cat":[31],"product_tag":[],"class_list":{"0":"post-2728","1":"product","2":"type-product","3":"status-publish","4":"has-post-thumbnail","6":"product_cat-textiles","7":"product_shipping_class-lourd","9":"first","10":"instock","11":"taxable","12":"shipping-taxable","13":"purchasable","14":"product-type-variable"},"jetpack_sharing_enabled":true,"_links":{"self":[{"href":"https:\/\/mybelladeco.fr\/index.php\/wp-json\/wp\/v2\/product\/2728","targetHints":{"allow":["GET"]}}],"collection":[{"href":"https:\/\/mybelladeco.fr\/index.php\/wp-json\/wp\/v2\/product"}],"about":[{"href":"https:\/\/mybelladeco.fr\/index.php\/wp-json\/wp\/v2\/types\/product"}],"replies":[{"embeddable":true,"href":"https:\/\/mybelladeco.fr\/index.php\/wp-json\/wp\/v2\/comments?post=2728"}],"version-history":[{"count":5,"href":"https:\/\/mybelladeco.fr\/index.php\/wp-json\/wp\/v2\/product\/2728\/revisions"}],"predecessor-version":[{"id":2825,"href":"https:\/\/mybelladeco.fr\/index.php\/wp-json\/wp\/v2\/product\/2728\/revisions\/2825"}],"wp:featuredmedia":[{"embeddable":true,"href":"https:\/\/mybelladeco.fr\/index.php\/wp-json\/wp\/v2\/media\/2803"}],"wp:attachment":[{"href":"https:\/\/mybelladeco.fr\/index.php\/wp-json\/wp\/v2\/media?parent=2728"}],"wp:term":[{"taxonomy":"product_cat","embeddable":true,"href":"https:\/\/mybelladeco.fr\/index.php\/wp-json\/wp\/v2\/product_cat?post=2728"},{"taxonomy":"product_tag","embeddable":true,"href":"https:\/\/mybelladeco.fr\/index.php\/wp-json\/wp\/v2\/product_tag?post=2728"}],"curies":[{"name":"wp","href":"https:\/\/api.w.org\/{rel}","templated":true}]}}