{"id":2829,"date":"2025-01-10T13:16:31","date_gmt":"2025-01-10T12:16:31","guid":{"rendered":"https:\/\/mybelladeco.fr\/?post_type=product&#038;p=2829"},"modified":"2025-01-10T13:17:46","modified_gmt":"2025-01-10T12:17:46","slug":"sweat-fan-pierre-concert-olympia","status":"publish","type":"product","link":"https:\/\/mybelladeco.fr\/index.php\/produit\/sweat-fan-pierre-concert-olympia\/","title":{"rendered":"Sweat Fan Pierre concert Olympia"},"content":{"rendered":"<p>Sweat FAN pour concert Pierre Garnier<\/p>\n<p>La liste des chansons est susceptible d&rsquo;\u00eatre modifi\u00e9e en fonction des sorties de nouveaux titres<\/p>\n<p>ATTENTION TAILLE MIXTE<\/p>\n<p>LES COMMANDES PASS\u00c9ES APR\u00c8S LE 6 JANVIER 2025 NE SERONT PAS ARRIV\u00c9ES POUR LE 22 JANVIER 2025<\/p>\n<p>&nbsp;<\/p>\n<p>&nbsp;<\/p>\n","protected":false},"excerpt":{"rendered":"<p>Sweat FAN pour concert Pierre Garnier La liste des chansons est susceptible d&rsquo;\u00eatre modifi\u00e9e en fonction des sorties de nouveaux titres ATTENTION TAILLE MIXTE LES COMMANDES PASS\u00c9ES APR\u00c8S LE 6 JANVIER 2025 NE SERONT PAS ARRIV\u00c9ES POUR LE 22 JANVIER 2025 &nbsp; &nbsp;<\/p>\n","protected":false},"featured_media":2808,"comment_status":"open","ping_status":"closed","template":"","meta":[],"product_cat":[31],"product_tag":[],"class_list":{"0":"post-2829","1":"product","2":"type-product","3":"status-publish","4":"has-post-thumbnail","6":"product_cat-textiles","7":"product_shipping_class-lourd-2","9":"first","10":"instock","11":"taxable","12":"shipping-taxable","13":"purchasable","14":"product-type-variable"},"jetpack_sharing_enabled":true,"_links":{"self":[{"href":"https:\/\/mybelladeco.fr\/index.php\/wp-json\/wp\/v2\/product\/2829","targetHints":{"allow":["GET"]}}],"collection":[{"href":"https:\/\/mybelladeco.fr\/index.php\/wp-json\/wp\/v2\/product"}],"about":[{"href":"https:\/\/mybelladeco.fr\/index.php\/wp-json\/wp\/v2\/types\/product"}],"replies":[{"embeddable":true,"href":"https:\/\/mybelladeco.fr\/index.php\/wp-json\/wp\/v2\/comments?post=2829"}],"version-history":[{"count":1,"href":"https:\/\/mybelladeco.fr\/index.php\/wp-json\/wp\/v2\/product\/2829\/revisions"}],"predecessor-version":[{"id":2834,"href":"https:\/\/mybelladeco.fr\/index.php\/wp-json\/wp\/v2\/product\/2829\/revisions\/2834"}],"wp:featuredmedia":[{"embeddable":true,"href":"https:\/\/mybelladeco.fr\/index.php\/wp-json\/wp\/v2\/media\/2808"}],"wp:attachment":[{"href":"https:\/\/mybelladeco.fr\/index.php\/wp-json\/wp\/v2\/media?parent=2829"}],"wp:term":[{"taxonomy":"product_cat","embeddable":true,"href":"https:\/\/mybelladeco.fr\/index.php\/wp-json\/wp\/v2\/product_cat?post=2829"},{"taxonomy":"product_tag","embeddable":true,"href":"https:\/\/mybelladeco.fr\/index.php\/wp-json\/wp\/v2\/product_tag?post=2829"}],"curies":[{"name":"wp","href":"https:\/\/api.w.org\/{rel}","templated":true}]}}